{"id":74152,"date":"2024-10-18T19:52:52","date_gmt":"2024-10-30T08:31:36","guid":{"rendered":"https:\/\/staging.nbg.eu\/product\/mag-release-button-kmr-black\/"},"modified":"2024-10-30T08:33:14","modified_gmt":"2024-10-30T08:33:14","slug":"botao-de-liberacao-de-carregador-kmr-preto","status":"publish","type":"product","link":"https:\/\/staging.nbg.eu\/pt-pt\/produto\/botao-de-liberacao-de-carregador-kmr-preto\/","title":{"rendered":"Bot\u00e3o de libera\u00e7\u00e3o de carregador KMR, Preto"},"content":{"rendered":"<dl class=\"data-sheet\">\n<dt class=\"name\">Para Armas KMR<\/dt>\n<dd class=\"value\">KMR L-02 EMIQ<br \/>\nKMR L-02 EMIQ (OR)<br \/>\nKMR L-02 ORCA AT\u00c9 2023<br \/>\nKMR L-02 SPECTRA A PARTIR DE 2024<br \/>\nKMR L-02 SPECTRA AT\u00c9 2023<br \/>\nKMR L-02 UMBRA A PARTIR DE 2024<br \/>\nKMR L-02 UMBRA AT\u00c9 2023<br \/>\nKMR S-01 LANCE (OR)<br \/>\nKMR S-02 AT\u00c9 2023<br \/>\nKMR W-02 CUDA A PARTIR DE 2024<br \/>\nKMR W-02 CUDA AT\u00c9 2023<br \/>\nKMR W-02 UMBRA<br \/>\nKMR W-02 UMBRA (OR)<\/dd>\n<dt class=\"name\">Sele\u00e7\u00e3o por Armas CZ<\/dt>\n<dd class=\"value\">CZ SHADOW 2<br \/>\nCZ SHADOW 2 (OR)<\/dd>\n<\/dl>\n","protected":false},"excerpt":{"rendered":"<p>0180-00801-0101<\/p>\n<p>(Note: As this appears to be a product code or number, it remains unchanged in the translation.)<\/p>\n","protected":false},"featured_media":72248,"template":"","meta":{"_acf_changed":false},"product_brand":[],"product_cat":[921],"product_tag":[],"class_list":{"0":"post-74152","1":"product","2":"type-product","3":"status-publish","4":"has-post-thumbnail","6":"product_cat-kmr-parts-pt-pt","8":"first","9":"instock","10":"taxable","11":"shipping-taxable","12":"purchasable","13":"product-type-simple"},"acf":[],"_links":{"self":[{"href":"https:\/\/staging.nbg.eu\/pt-pt\/wp-json\/wp\/v2\/product\/74152","targetHints":{"allow":["GET"]}}],"collection":[{"href":"https:\/\/staging.nbg.eu\/pt-pt\/wp-json\/wp\/v2\/product"}],"about":[{"href":"https:\/\/staging.nbg.eu\/pt-pt\/wp-json\/wp\/v2\/types\/product"}],"wp:featuredmedia":[{"embeddable":true,"href":"https:\/\/staging.nbg.eu\/pt-pt\/wp-json\/wp\/v2\/media\/72248"}],"wp:attachment":[{"href":"https:\/\/staging.nbg.eu\/pt-pt\/wp-json\/wp\/v2\/media?parent=74152"}],"wp:term":[{"taxonomy":"product_brand","embeddable":true,"href":"https:\/\/staging.nbg.eu\/pt-pt\/wp-json\/wp\/v2\/product_brand?post=74152"},{"taxonomy":"product_cat","embeddable":true,"href":"https:\/\/staging.nbg.eu\/pt-pt\/wp-json\/wp\/v2\/product_cat?post=74152"},{"taxonomy":"product_tag","embeddable":true,"href":"https:\/\/staging.nbg.eu\/pt-pt\/wp-json\/wp\/v2\/product_tag?post=74152"}],"curies":[{"name":"wp","href":"https:\/\/api.w.org\/{rel}","templated":true}]}}