{"id":74128,"date":"2024-10-18T19:20:25","date_gmt":"2024-10-29T10:07:01","guid":{"rendered":"https:\/\/staging.nbg.eu\/product\/casio-prw-61y-3er\/"},"modified":"2024-10-29T10:08:30","modified_gmt":"2024-10-29T10:08:30","slug":"casio-prw-61y-3er","status":"publish","type":"product","link":"https:\/\/staging.nbg.eu\/pt-pt\/produto\/casio-prw-61y-3er\/","title":{"rendered":"Casio PRW-61Y-3ER"},"content":{"rendered":"<div class=\"product-description\">\n<h2>Casio PRW-61Y-3ER: Rel\u00f3gio para Exterior<\/h2>\n<p>O PRO TREK PRW-61Y-3ER \u00e9 o primeiro rel\u00f3gio da Casio a apresentar pl\u00e1sticos de biomassa na sua caixa e pulseira. Este rel\u00f3gio combina sustentabilidade com durabilidade, oferecendo resist\u00eancia ao uso intenso e conforto.<\/p>\n<ul>\n<li>Pl\u00e1sticos de biomassa derivados de sementes de r\u00edcino e milho<\/li>\n<li>Mostrador de alto contraste com \u00edndices brancos para visibilidade<\/li>\n<li>Sensor triplo: b\u00fassola digital, bar\u00f4metro\/alt\u00edmetro e term\u00f4metro<\/li>\n<li>Ajuste de hora por r\u00e1dio Multi Band 6<\/li>\n<li>Sistema de energia solar<\/li>\n<li>Iluminador com luz LED dupla de alto brilho autom\u00e1tica<\/li>\n<li>Pulseira de uretano macio<\/li>\n<li>Luneta de a\u00e7o inoxid\u00e1vel gravada com c\u00f3digos de cidades<\/li>\n<li>Design compacto para movimento do pulso sem restri\u00e7\u00f5es<\/li>\n<\/ul>\n<p>O PRW-61Y-3ER \u00e9 adequado para entusiastas de atividades ao ar livre que valorizam desempenho e responsabilidade ambiental.<\/p>\n<\/div>\n","protected":false},"excerpt":{"rendered":"<p>&#8220;Rel\u00f3gio PRO TREK ecol\u00f3gico com pl\u00e1sticos de biomassa e recursos para atividades ao ar livre.&#8221;<\/p>\n","protected":false},"featured_media":71877,"template":"","meta":{"_acf_changed":false},"product_brand":[11204],"product_cat":[1646,2313],"product_tag":[],"class_list":{"0":"post-74128","1":"product","2":"type-product","3":"status-publish","4":"has-post-thumbnail","6":"product_brand-casio","7":"product_cat-edc-pt-pt","8":"product_cat-watches-pt-pt","10":"first","11":"instock","12":"taxable","13":"shipping-taxable","14":"purchasable","15":"product-type-simple"},"acf":[],"_links":{"self":[{"href":"https:\/\/staging.nbg.eu\/pt-pt\/wp-json\/wp\/v2\/product\/74128","targetHints":{"allow":["GET"]}}],"collection":[{"href":"https:\/\/staging.nbg.eu\/pt-pt\/wp-json\/wp\/v2\/product"}],"about":[{"href":"https:\/\/staging.nbg.eu\/pt-pt\/wp-json\/wp\/v2\/types\/product"}],"wp:featuredmedia":[{"embeddable":true,"href":"https:\/\/staging.nbg.eu\/pt-pt\/wp-json\/wp\/v2\/media\/71877"}],"wp:attachment":[{"href":"https:\/\/staging.nbg.eu\/pt-pt\/wp-json\/wp\/v2\/media?parent=74128"}],"wp:term":[{"taxonomy":"product_brand","embeddable":true,"href":"https:\/\/staging.nbg.eu\/pt-pt\/wp-json\/wp\/v2\/product_brand?post=74128"},{"taxonomy":"product_cat","embeddable":true,"href":"https:\/\/staging.nbg.eu\/pt-pt\/wp-json\/wp\/v2\/product_cat?post=74128"},{"taxonomy":"product_tag","embeddable":true,"href":"https:\/\/staging.nbg.eu\/pt-pt\/wp-json\/wp\/v2\/product_tag?post=74128"}],"curies":[{"name":"wp","href":"https:\/\/api.w.org\/{rel}","templated":true}]}}