{"id":74084,"date":"2024-10-18T18:54:11","date_gmt":"2024-10-29T10:02:16","guid":{"rendered":"https:\/\/staging.nbg.eu\/product\/casio-prg-270-1er\/"},"modified":"2024-10-29T10:03:46","modified_gmt":"2024-10-29T10:03:46","slug":"casio-prg-270-1er","status":"publish","type":"product","link":"https:\/\/staging.nbg.eu\/pt-pt\/produto\/casio-prg-270-1er\/","title":{"rendered":"Casio PRG-270-1ER"},"content":{"rendered":"<div class=\"product-description\">\n<h2>Casio PRG-270-1ER: Rel\u00f3gio para atividades ao ar livre<\/h2>\n<p>O Casio PRG-270-1ER \u00e9 equipado com o Triple Sensor Version 3. Este modelo PRO TREK fornece leituras de altitude, press\u00e3o barom\u00e9trica e dire\u00e7\u00e3o.<\/p>\n<ul>\n<li>Alimenta\u00e7\u00e3o solar<\/li>\n<li>Sensor Triplo: B\u00fassola, Bar\u00f4metro\/Term\u00f4metro, Alt\u00edmetro<\/li>\n<li>Resistente a baixas temperaturas (-10\u00baC\/14\u00baF)<\/li>\n<li>Resist\u00eancia \u00e0 \u00e1gua de 100 metros<\/li>\n<li>Alarme de tend\u00eancia de press\u00e3o barom\u00e9trica<\/li>\n<li>Bot\u00f5es laterais grandes<\/li>\n<li>Exibi\u00e7\u00e3o de hor\u00e1rios de nascer\/p\u00f4r do sol<\/li>\n<li>Ilumina\u00e7\u00e3o autom\u00e1tica para condi\u00e7\u00f5es de pouca luz<\/li>\n<\/ul>\n<p>Este rel\u00f3gio \u00e9 projetado para uso em atividades ao ar livre.<\/p>\n<\/div>\n","protected":false},"excerpt":{"rendered":"<p>Rel\u00f3gio resistente para uso outdoor com Triple Sensor e energia Tough Solar.<\/p>\n","protected":false},"featured_media":71530,"template":"","meta":{"_acf_changed":false},"product_brand":[11204],"product_cat":[1646,2313],"product_tag":[],"class_list":{"0":"post-74084","1":"product","2":"type-product","3":"status-publish","4":"has-post-thumbnail","6":"product_brand-casio","7":"product_cat-edc-pt-pt","8":"product_cat-watches-pt-pt","10":"first","11":"instock","12":"taxable","13":"shipping-taxable","14":"purchasable","15":"product-type-simple"},"acf":[],"_links":{"self":[{"href":"https:\/\/staging.nbg.eu\/pt-pt\/wp-json\/wp\/v2\/product\/74084","targetHints":{"allow":["GET"]}}],"collection":[{"href":"https:\/\/staging.nbg.eu\/pt-pt\/wp-json\/wp\/v2\/product"}],"about":[{"href":"https:\/\/staging.nbg.eu\/pt-pt\/wp-json\/wp\/v2\/types\/product"}],"wp:featuredmedia":[{"embeddable":true,"href":"https:\/\/staging.nbg.eu\/pt-pt\/wp-json\/wp\/v2\/media\/71530"}],"wp:attachment":[{"href":"https:\/\/staging.nbg.eu\/pt-pt\/wp-json\/wp\/v2\/media?parent=74084"}],"wp:term":[{"taxonomy":"product_brand","embeddable":true,"href":"https:\/\/staging.nbg.eu\/pt-pt\/wp-json\/wp\/v2\/product_brand?post=74084"},{"taxonomy":"product_cat","embeddable":true,"href":"https:\/\/staging.nbg.eu\/pt-pt\/wp-json\/wp\/v2\/product_cat?post=74084"},{"taxonomy":"product_tag","embeddable":true,"href":"https:\/\/staging.nbg.eu\/pt-pt\/wp-json\/wp\/v2\/product_tag?post=74084"}],"curies":[{"name":"wp","href":"https:\/\/api.w.org\/{rel}","templated":true}]}}