{"id":74014,"date":"2024-01-30T18:02:27","date_gmt":"2024-01-30T18:02:27","guid":{"rendered":"https:\/\/staging.nbg.eu\/product\/holosun-hs403b\/"},"modified":"2024-10-25T14:26:25","modified_gmt":"2024-10-25T14:26:25","slug":"holosun-hs403b","status":"publish","type":"product","link":"https:\/\/staging.nbg.eu\/pt-pt\/produto\/holosun-hs403b\/","title":{"rendered":"Holosun HS403B"},"content":{"rendered":"<div class=\"product-description\">\n<h2>Mira de Ponto Vermelho Micro Holosun HS403B<\/h2>\n<p>O Holosun HS403B \u00e9 uma mira micro compacta de 20mm para aplica\u00e7\u00f5es em rifles e carabinas. Caracter\u00edsticas:<\/p>\n<ul>\n<li>LED vermelho com dura\u00e7\u00e3o de bateria de 50.000 horas<\/li>\n<li>10 configura\u00e7\u00f5es de ret\u00edculo para luz diurna e 2 compat\u00edveis com vis\u00e3o noturna<\/li>\n<li>Estrutura de alum\u00ednio 6061<\/li>\n<li>Montagem co-witness 1\/3 inferior (1,63&#8243;) e montagem baixa (0,75&#8243;) inclu\u00eddas<\/li>\n<li>Tecnologia Shake Awake para prolongar a vida \u00fatil da bateria<\/li>\n<li>Bot\u00f5es digitais para ajustes<\/li>\n<li>Capas de borracha para prote\u00e7\u00e3o das lentes<\/li>\n<li>Compartimento lateral para bateria 2032 para trocas convenientes<\/li>\n<\/ul>\n<p>Com suas caracter\u00edsticas e constru\u00e7\u00e3o, o HS403B \u00e9 adequado para atiradores de todos os n\u00edveis. \u00c0 prova d&#8217;\u00e1gua conforme padr\u00f5es IP67 e capaz de suportar 1000G de vibra\u00e7\u00e3o, esta mira \u00e9 projetada para funcionar em diversas condi\u00e7\u00f5es.<\/p>\n<\/div>\n","protected":false},"excerpt":{"rendered":"<p>Mira de ponto vermelho compacta de 20mm com bateria de 50 mil horas de dura\u00e7\u00e3o e montagem vers\u00e1til.<\/p>\n","protected":false},"featured_media":72272,"template":"","meta":{"_acf_changed":false},"product_brand":[11434],"product_cat":[805,807,1789],"product_tag":[],"class_list":{"0":"post-74014","1":"product","2":"type-product","3":"status-publish","4":"has-post-thumbnail","6":"product_brand-holosun","7":"product_cat-aiming-pt-pt","8":"product_cat-red-dots-pt-pt","9":"product_cat-rifle-dots-pt-pt","11":"first","12":"instock","13":"taxable","14":"shipping-taxable","15":"purchasable","16":"product-type-simple"},"acf":[],"_links":{"self":[{"href":"https:\/\/staging.nbg.eu\/pt-pt\/wp-json\/wp\/v2\/product\/74014","targetHints":{"allow":["GET"]}}],"collection":[{"href":"https:\/\/staging.nbg.eu\/pt-pt\/wp-json\/wp\/v2\/product"}],"about":[{"href":"https:\/\/staging.nbg.eu\/pt-pt\/wp-json\/wp\/v2\/types\/product"}],"wp:featuredmedia":[{"embeddable":true,"href":"https:\/\/staging.nbg.eu\/pt-pt\/wp-json\/wp\/v2\/media\/72272"}],"wp:attachment":[{"href":"https:\/\/staging.nbg.eu\/pt-pt\/wp-json\/wp\/v2\/media?parent=74014"}],"wp:term":[{"taxonomy":"product_brand","embeddable":true,"href":"https:\/\/staging.nbg.eu\/pt-pt\/wp-json\/wp\/v2\/product_brand?post=74014"},{"taxonomy":"product_cat","embeddable":true,"href":"https:\/\/staging.nbg.eu\/pt-pt\/wp-json\/wp\/v2\/product_cat?post=74014"},{"taxonomy":"product_tag","embeddable":true,"href":"https:\/\/staging.nbg.eu\/pt-pt\/wp-json\/wp\/v2\/product_tag?post=74014"}],"curies":[{"name":"wp","href":"https:\/\/api.w.org\/{rel}","templated":true}]}}