{"id":73992,"date":"2024-10-18T20:01:13","date_gmt":"2024-10-18T20:01:13","guid":{"rendered":"https:\/\/staging.nbg.eu\/product\/holosun-hs515cm-red-dot-sight\/"},"modified":"2024-10-25T14:24:47","modified_gmt":"2024-10-25T14:24:47","slug":"holosun-hs515cm-mira-red-dot","status":"publish","type":"product","link":"https:\/\/staging.nbg.eu\/pt-pt\/produto\/holosun-hs515cm-mira-red-dot\/","title":{"rendered":"Holosun HS515CM &#8211; Mira Red Dot"},"content":{"rendered":"<div class=\"product-description\">\n<h2>Holosun HS515CM &#8211; Mira de Ponto Vermelho<\/h2>\n<p>O HS515CM \u00e9 uma mira micro de 20mm para rifles e carabinas. Constru\u00eddo com alum\u00ednio 7075, ele possui:<\/p>\n<ul>\n<li>Tampas de lente transparentes, remov\u00edveis\/girat\u00f3rias<\/li>\n<li>Montagem QD de co-testemunha baixa 1\/3 (1,63&#8243;)<\/li>\n<li>Classifica\u00e7\u00e3o IP68 \u00e0 prova d&#8217;\u00e1gua e poeira<\/li>\n<li>Tecnologia Solar Failsafe<\/li>\n<li>Sistema Multi-Ret\u00edculo com LED Vermelho<\/li>\n<li>10 configura\u00e7\u00f5es diurnas e 2 de vis\u00e3o noturna<\/li>\n<li>Tecnologia Shake Awake<\/li>\n<li>At\u00e9 50.000 horas de vida \u00fatil da bateria<\/li>\n<li>Substitui\u00e7\u00e3o de bateria lateral sem ferramentas<\/li>\n<\/ul>\n<p>Projetado para uso esportivo e profissional, o HS515CM oferece ajustes de 0,5 MOA e faixa de movimento de \u00b150 MOA. \u00c9 constru\u00eddo para suportar temperaturas extremas e vibra\u00e7\u00e3o de 1000G.<\/p>\n<\/div>\n","protected":false},"excerpt":{"rendered":"<p>Mira de ponto vermelho micro de 20mm dur\u00e1vel para rifles, alimentada por energia solar, \u00e0 prova d&#8217;\u00e1gua.<\/p>\n","protected":false},"featured_media":72411,"template":"","meta":{"_acf_changed":false},"product_brand":[11434],"product_cat":[805,807,1789],"product_tag":[],"class_list":{"0":"post-73992","1":"product","2":"type-product","3":"status-publish","4":"has-post-thumbnail","6":"product_brand-holosun","7":"product_cat-aiming-pt-pt","8":"product_cat-red-dots-pt-pt","9":"product_cat-rifle-dots-pt-pt","11":"first","12":"instock","13":"taxable","14":"shipping-taxable","15":"purchasable","16":"product-type-simple"},"acf":[],"_links":{"self":[{"href":"https:\/\/staging.nbg.eu\/pt-pt\/wp-json\/wp\/v2\/product\/73992","targetHints":{"allow":["GET"]}}],"collection":[{"href":"https:\/\/staging.nbg.eu\/pt-pt\/wp-json\/wp\/v2\/product"}],"about":[{"href":"https:\/\/staging.nbg.eu\/pt-pt\/wp-json\/wp\/v2\/types\/product"}],"wp:featuredmedia":[{"embeddable":true,"href":"https:\/\/staging.nbg.eu\/pt-pt\/wp-json\/wp\/v2\/media\/72411"}],"wp:attachment":[{"href":"https:\/\/staging.nbg.eu\/pt-pt\/wp-json\/wp\/v2\/media?parent=73992"}],"wp:term":[{"taxonomy":"product_brand","embeddable":true,"href":"https:\/\/staging.nbg.eu\/pt-pt\/wp-json\/wp\/v2\/product_brand?post=73992"},{"taxonomy":"product_cat","embeddable":true,"href":"https:\/\/staging.nbg.eu\/pt-pt\/wp-json\/wp\/v2\/product_cat?post=73992"},{"taxonomy":"product_tag","embeddable":true,"href":"https:\/\/staging.nbg.eu\/pt-pt\/wp-json\/wp\/v2\/product_tag?post=73992"}],"curies":[{"name":"wp","href":"https:\/\/api.w.org\/{rel}","templated":true}]}}