{"id":68946,"date":"2023-11-26T17:56:23","date_gmt":"2023-11-26T17:56:23","guid":{"rendered":"https:\/\/staging.nbg.eu\/product\/geissele-super-duty-rifle-14-5-5-56mm-luna-black\/"},"modified":"2024-09-27T10:20:39","modified_gmt":"2024-09-27T10:20:39","slug":"geissele-super-duty-rifle-145-556mm-luna-preto","status":"publish","type":"product","link":"https:\/\/staging.nbg.eu\/pt-pt\/produto\/geissele-super-duty-rifle-145-556mm-luna-preto\/","title":{"rendered":"Geissele Super Duty Rifle, 14.5&#8243;, 5.56MM &#8211; Luna Preto"},"content":{"rendered":"<h2>Geissele Super Duty &#8211; 14.5&#8243; 5.56MM<\/h2>\n<p>O Geissele Super Duty \u00e9 uma arma de fogo de 14.5&#8243; em 5.56 NATO que combina tecnologia e fabrica\u00e7\u00e3o.<\/p>\n<h2>Caracter\u00edsticas principais:<\/h2>\n<ul>\n<li>Cano de 14.5&#8243; forjado a frio, cromado (passo 1:7&#8243;)<\/li>\n<li>Fabricado na unidade Geissele em North Wales, PA<\/li>\n<li>Sistema de g\u00e1s de comprimento carabina com bloco de g\u00e1s compacto<\/li>\n<li>Trilho modular SMR MK14.5 de 14&#8243; compat\u00edvel com M-LOK<\/li>\n<li>Receptor inferior em alum\u00ednio 7075-T6 com kit de pe\u00e7as Ultra Duty<\/li>\n<li>Trava de seguran\u00e7a ambidestra configur\u00e1vel<\/li>\n<li>Mola de a\u00e7\u00e3o Super-42 e buffer H3<\/li>\n<\/ul>\n<h2>Especifica\u00e7\u00f5es:<\/h2>\n<ul>\n<li>Calibre: 5.56 NATO<\/li>\n<li>Cano: Geissele forjado a frio, cromado, passo 1\/7<\/li>\n<li>Receptores: Forjados 7075-T6, anodizados tipo III<\/li>\n<li>Transportador de ferrolho: REBCG (Grupo Transportador de Ferrolho de Confiabilidade Aprimorada)<\/li>\n<li>Gatilho: SSA-X com Lightning Bow<\/li>\n<li>Dispositivo de boca: Quebra-chamas Geissele Sparkout<\/li>\n<li>Man\u00edpulo de carregamento: Airborne<\/li>\n<li>Cor: DDC (Cor de Terra do Deserto)*<\/li>\n<\/ul>\n<p><em>*Nota: A anodiza\u00e7\u00e3o DDC pode variar em tonalidade<\/em><\/p>\n<p>O rifle Geissele Super Duty oferece precis\u00e3o e confiabilidade em um pacote compacto.<\/p>\n","protected":false},"excerpt":{"rendered":"<p>Geissele Super Duty: 14,5&#8243; 5,56MM, tecnologia avan\u00e7ada, constru\u00e7\u00e3o de precis\u00e3o.<\/p>\n","protected":false},"featured_media":68947,"template":"","meta":{"_acf_changed":false},"product_brand":[11397],"product_cat":[2222,654],"product_tag":[],"class_list":{"0":"post-68946","1":"product","2":"type-product","3":"status-publish","4":"has-post-thumbnail","6":"product_brand-geissele","7":"product_cat-carbines-pt-pt","8":"product_cat-rifle-pt-pt","10":"first","11":"outofstock","12":"taxable","13":"shipping-taxable","14":"product-type-simple"},"acf":[],"_links":{"self":[{"href":"https:\/\/staging.nbg.eu\/pt-pt\/wp-json\/wp\/v2\/product\/68946","targetHints":{"allow":["GET"]}}],"collection":[{"href":"https:\/\/staging.nbg.eu\/pt-pt\/wp-json\/wp\/v2\/product"}],"about":[{"href":"https:\/\/staging.nbg.eu\/pt-pt\/wp-json\/wp\/v2\/types\/product"}],"wp:featuredmedia":[{"embeddable":true,"href":"https:\/\/staging.nbg.eu\/pt-pt\/wp-json\/wp\/v2\/media\/68947"}],"wp:attachment":[{"href":"https:\/\/staging.nbg.eu\/pt-pt\/wp-json\/wp\/v2\/media?parent=68946"}],"wp:term":[{"taxonomy":"product_brand","embeddable":true,"href":"https:\/\/staging.nbg.eu\/pt-pt\/wp-json\/wp\/v2\/product_brand?post=68946"},{"taxonomy":"product_cat","embeddable":true,"href":"https:\/\/staging.nbg.eu\/pt-pt\/wp-json\/wp\/v2\/product_cat?post=68946"},{"taxonomy":"product_tag","embeddable":true,"href":"https:\/\/staging.nbg.eu\/pt-pt\/wp-json\/wp\/v2\/product_tag?post=68946"}],"curies":[{"name":"wp","href":"https:\/\/api.w.org\/{rel}","templated":true}]}}