{"id":68500,"date":"2023-11-29T10:10:20","date_gmt":"2024-09-20T12:30:10","guid":{"rendered":"https:\/\/staging.nbg.eu\/product\/geissele-super-duty-mod1-11-5-5-56mm-ddc\/"},"modified":"2024-09-27T10:07:38","modified_gmt":"2024-09-27T10:07:38","slug":"geissele-super-duty-115-556mm-ddc","status":"publish","type":"product","link":"https:\/\/staging.nbg.eu\/pt-pt\/produto\/geissele-super-duty-115-556mm-ddc\/","title":{"rendered":"Geissele Super Duty, 11.5&#8243;, 5.56MM-DDC"},"content":{"rendered":"<h2>Pistola Geissele Super Duty &#8211; 11.5&#8243; 5.56MM<\/h2>\n<p>A Geissele Super Duty \u00e9 uma pistola de 11.5&#8243; em 5.56 NATO que combina tecnologia avan\u00e7ada com fabrica\u00e7\u00e3o de alta qualidade.<\/p>\n<h2>Caracter\u00edsticas principais:<\/h2>\n<ul>\n<li>Cano de 11.5&#8243; forjado a frio e cromado (passo de 1:7&#8243;)<\/li>\n<li>Fabricada na instala\u00e7\u00e3o da Geissele em North Wales, PA<\/li>\n<li>Sistema de g\u00e1s de comprimento de carabina com bloco de g\u00e1s compacto<\/li>\n<li>Trilho modular SMR MK16 de 10.5&#8243; com compatibilidade M-LOK<\/li>\n<li>Receptor inferior em alum\u00ednio 7075-T6 com kit de pe\u00e7as Ultra Duty<\/li>\n<li>Trava de seguran\u00e7a ambidestra configur\u00e1vel<\/li>\n<li>Mola de a\u00e7\u00e3o Super-42 e buffer H3<\/li>\n<\/ul>\n<h2>Especifica\u00e7\u00f5es:<\/h2>\n<ul>\n<li>Calibre: 5.56 NATO<\/li>\n<li>Cano: Geissele forjado a frio, cromado, passo 1\/7<\/li>\n<li>Receptores: Forjados 7075-T6, anodizados tipo III<\/li>\n<li>Transportador de ferrolho: REBCG (Grupo de transportador de ferrolho de confiabilidade aprimorada)<\/li>\n<li>Gatilho: SSA-X com arco Lightning<\/li>\n<li>Dispositivo de boca: Geissele Sparkout Flash Hider<\/li>\n<li>Man\u00edpulo de carregamento: Airborne<\/li>\n<li>Cor: DDC (Cor de terra do deserto)*<\/li>\n<\/ul>\n<p><em>*Nota: A anodiza\u00e7\u00e3o DDC pode variar em tonalidade<\/em><\/p>\n<p>A pistola Geissele Super Duty \u00e9 um pacote compacto que combina precis\u00e3o e confiabilidade.<\/p>\n","protected":false},"excerpt":{"rendered":"<p>Geissele Super Duty: 11,5&#8243; 5,56MM, tecnologia avan\u00e7ada, constru\u00e7\u00e3o de precis\u00e3o.<\/p>\n","protected":false},"featured_media":191259,"template":"","meta":{"_acf_changed":false},"product_brand":[11397],"product_cat":[2222,883,654],"product_tag":[],"class_list":{"0":"post-68500","1":"product","2":"type-product","3":"status-publish","4":"has-post-thumbnail","6":"product_brand-geissele","7":"product_cat-carbines-pt-pt","8":"product_cat-licensed-pt-pt","9":"product_cat-rifle-pt-pt","11":"first","12":"instock","13":"taxable","14":"shipping-taxable","15":"product-type-simple"},"acf":[],"_links":{"self":[{"href":"https:\/\/staging.nbg.eu\/pt-pt\/wp-json\/wp\/v2\/product\/68500","targetHints":{"allow":["GET"]}}],"collection":[{"href":"https:\/\/staging.nbg.eu\/pt-pt\/wp-json\/wp\/v2\/product"}],"about":[{"href":"https:\/\/staging.nbg.eu\/pt-pt\/wp-json\/wp\/v2\/types\/product"}],"wp:featuredmedia":[{"embeddable":true,"href":"https:\/\/staging.nbg.eu\/pt-pt\/wp-json\/wp\/v2\/media\/191259"}],"wp:attachment":[{"href":"https:\/\/staging.nbg.eu\/pt-pt\/wp-json\/wp\/v2\/media?parent=68500"}],"wp:term":[{"taxonomy":"product_brand","embeddable":true,"href":"https:\/\/staging.nbg.eu\/pt-pt\/wp-json\/wp\/v2\/product_brand?post=68500"},{"taxonomy":"product_cat","embeddable":true,"href":"https:\/\/staging.nbg.eu\/pt-pt\/wp-json\/wp\/v2\/product_cat?post=68500"},{"taxonomy":"product_tag","embeddable":true,"href":"https:\/\/staging.nbg.eu\/pt-pt\/wp-json\/wp\/v2\/product_tag?post=68500"}],"curies":[{"name":"wp","href":"https:\/\/api.w.org\/{rel}","templated":true}]}}