{"id":68386,"date":"2023-12-10T10:23:45","date_gmt":"2023-12-10T10:23:45","guid":{"rendered":"https:\/\/staging.nbg.eu\/product\/alg-defense-el-jefe-16-5-56mm-black\/"},"modified":"2025-02-07T08:23:22","modified_gmt":"2025-02-07T08:23:22","slug":"alg-defense-el-jefe-16-556mm-preto","status":"publish","type":"product","link":"https:\/\/staging.nbg.eu\/pt-pt\/produto\/alg-defense-el-jefe-16-556mm-preto\/","title":{"rendered":"ALG Defense El Jefe, 16&#8243;, 5.56MM &#8211; Preto"},"content":{"rendered":"<h2>ALG Defense El Jefe, 16&#8243;, 5,56MM &#8211; Preto<\/h2>\n<p>O rifle ALG Defense El Jefe \u00e9 uma op\u00e7\u00e3o para atiradores que buscam um rifle de padr\u00e3o militar a um pre\u00e7o acess\u00edvel. Este sistema de rifle completo vem com uma al\u00e7a e uma mira de ponto vermelho Warner &amp; Swasey.<\/p>\n<h2>Caracter\u00edsticas principais:<\/h2>\n<ul>\n<li>Receptores de alum\u00ednio 7075, forjados e usinados por CNC<\/li>\n<li>Acabamento anodizado Tipo 3 preto fosco<\/li>\n<li>Guarda-m\u00e3o ALG V3X com slots M-LOK para op\u00e7\u00f5es de fixa\u00e7\u00e3o<\/li>\n<li>Coronha B5 Systems SOPMOD<\/li>\n<li>Mola de buffer tran\u00e7ada Geissele Super 42 e buffer H1<\/li>\n<li>Grupo do ferrolho com padr\u00e3o militar e revestimento de cromo duro<\/li>\n<li>Gatilho ALG Defense Advanced Combat Trigger (ACT)<\/li>\n<li>Cano com raiamento por bot\u00e3o, cromado, com c\u00e2mara 5,56 NATO<\/li>\n<li>Bloco de g\u00e1s Geissele e tubo de g\u00e1s mid-length estendido<\/li>\n<li>Inclui al\u00e7a de carabina M4 de padr\u00e3o militar e suportes QD<\/li>\n<li>Mira de ponto vermelho Warner and Swasey 3 MOA com miras de ferro de backup integradas<\/li>\n<\/ul>\n<p>O El Jefe combina componentes de qualidade e fabrica\u00e7\u00e3o especializada para oferecer um rifle confi\u00e1vel, preciso e dur\u00e1vel, adequado para tiro esportivo, aplica\u00e7\u00e3o da lei e defesa residencial.<\/p>\n","protected":false},"excerpt":{"rendered":"<p>ALG Defense El Jefe: AR-15 de alta qualidade em 5.56mm com recursos premium.<\/p>\n","protected":false},"featured_media":68387,"template":"","meta":{"_acf_changed":false},"product_brand":[11397],"product_cat":[2222,654],"product_tag":[],"class_list":{"0":"post-68386","1":"product","2":"type-product","3":"status-publish","4":"has-post-thumbnail","6":"product_brand-geissele","7":"product_cat-carbines-pt-pt","8":"product_cat-rifle-pt-pt","10":"first","11":"instock","12":"taxable","13":"shipping-taxable","14":"product-type-simple"},"acf":[],"_links":{"self":[{"href":"https:\/\/staging.nbg.eu\/pt-pt\/wp-json\/wp\/v2\/product\/68386","targetHints":{"allow":["GET"]}}],"collection":[{"href":"https:\/\/staging.nbg.eu\/pt-pt\/wp-json\/wp\/v2\/product"}],"about":[{"href":"https:\/\/staging.nbg.eu\/pt-pt\/wp-json\/wp\/v2\/types\/product"}],"wp:featuredmedia":[{"embeddable":true,"href":"https:\/\/staging.nbg.eu\/pt-pt\/wp-json\/wp\/v2\/media\/68387"}],"wp:attachment":[{"href":"https:\/\/staging.nbg.eu\/pt-pt\/wp-json\/wp\/v2\/media?parent=68386"}],"wp:term":[{"taxonomy":"product_brand","embeddable":true,"href":"https:\/\/staging.nbg.eu\/pt-pt\/wp-json\/wp\/v2\/product_brand?post=68386"},{"taxonomy":"product_cat","embeddable":true,"href":"https:\/\/staging.nbg.eu\/pt-pt\/wp-json\/wp\/v2\/product_cat?post=68386"},{"taxonomy":"product_tag","embeddable":true,"href":"https:\/\/staging.nbg.eu\/pt-pt\/wp-json\/wp\/v2\/product_tag?post=68386"}],"curies":[{"name":"wp","href":"https:\/\/api.w.org\/{rel}","templated":true}]}}