{"id":68209,"date":"2024-01-30T18:09:06","date_gmt":"2024-09-20T12:20:23","guid":{"rendered":"https:\/\/staging.nbg.eu\/product\/surefire-m640dft-pro\/"},"modified":"2024-09-20T12:21:22","modified_gmt":"2024-09-20T12:21:22","slug":"surefire-m640dft-pro","status":"publish","type":"product","link":"https:\/\/staging.nbg.eu\/pt-pt\/produto\/surefire-m640dft-pro\/","title":{"rendered":"SureFire M640DFT-PRO"},"content":{"rendered":"<div class=\"product-description\">\n<h2>SureFire M640DFT-PRO Turbo Scout Light Pro<\/h2>\n<p>O M640DFT-PRO Turbo Scout Light Pro oferece:<\/p>\n<ul>\n<li>Intensidade de feixe de 100.000 candelas com bateria SF18650B inclusa<\/li>\n<li>Padr\u00e3o de feixe turbo para identifica\u00e7\u00e3o de alvos a longa dist\u00e2ncia<\/li>\n<li>Montagem de baixo perfil (compat\u00edvel com MIL-STD-1913 e M-LOK)<\/li>\n<li>Capacidade de combust\u00edvel duplo: usa bateria recarreg\u00e1vel SF18650B ou duas baterias de l\u00edtio 123A<\/li>\n<li>Durabilidade e op\u00e7\u00f5es de comuta\u00e7\u00e3o remota<\/li>\n<\/ul>\n<p>Constru\u00eddo com alum\u00ednio aeroespacial leve e anodizado duro de especifica\u00e7\u00e3o militar, este WeaponLight com veda\u00e7\u00e3o O-ring oferece desempenho e versatilidade para aplica\u00e7\u00f5es de longo alcance.<\/p>\n<\/div>\n","protected":false},"excerpt":{"rendered":"<p>Lanterna t\u00e1tica de alta pot\u00eancia com feixe de 100.000 candelas para uso de longo alcance.<\/p>\n","protected":false},"featured_media":68210,"template":"","meta":{"_acf_changed":false},"product_brand":[11871],"product_cat":[1565,654,2201],"product_tag":[],"class_list":{"0":"post-68209","1":"product","2":"type-product","3":"status-publish","4":"has-post-thumbnail","6":"product_brand-surefire","7":"product_cat-lights-pt-pt","8":"product_cat-rifle-pt-pt","9":"product_cat-rifle-lights-pt-pt","11":"first","12":"instock","13":"taxable","14":"shipping-taxable","15":"purchasable","16":"product-type-variable","17":"wvs-archive-product-wrapper"},"acf":[],"_links":{"self":[{"href":"https:\/\/staging.nbg.eu\/pt-pt\/wp-json\/wp\/v2\/product\/68209","targetHints":{"allow":["GET"]}}],"collection":[{"href":"https:\/\/staging.nbg.eu\/pt-pt\/wp-json\/wp\/v2\/product"}],"about":[{"href":"https:\/\/staging.nbg.eu\/pt-pt\/wp-json\/wp\/v2\/types\/product"}],"wp:featuredmedia":[{"embeddable":true,"href":"https:\/\/staging.nbg.eu\/pt-pt\/wp-json\/wp\/v2\/media\/68210"}],"wp:attachment":[{"href":"https:\/\/staging.nbg.eu\/pt-pt\/wp-json\/wp\/v2\/media?parent=68209"}],"wp:term":[{"taxonomy":"product_brand","embeddable":true,"href":"https:\/\/staging.nbg.eu\/pt-pt\/wp-json\/wp\/v2\/product_brand?post=68209"},{"taxonomy":"product_cat","embeddable":true,"href":"https:\/\/staging.nbg.eu\/pt-pt\/wp-json\/wp\/v2\/product_cat?post=68209"},{"taxonomy":"product_tag","embeddable":true,"href":"https:\/\/staging.nbg.eu\/pt-pt\/wp-json\/wp\/v2\/product_tag?post=68209"}],"curies":[{"name":"wp","href":"https:\/\/api.w.org\/{rel}","templated":true}]}}