{"id":67937,"date":"2024-01-13T10:41:33","date_gmt":"2024-09-20T12:17:55","guid":{"rendered":"https:\/\/staging.nbg.eu\/product\/surefire-m340dft-pro\/"},"modified":"2024-09-20T12:18:54","modified_gmt":"2024-09-20T12:18:54","slug":"surefire-m340dft-pro","status":"publish","type":"product","link":"https:\/\/staging.nbg.eu\/pt-pt\/produto\/surefire-m340dft-pro\/","title":{"rendered":"SureFire M340DFT-PRO"},"content":{"rendered":"<div class=\"product-description\">\n<h2>SureFire M340DFT-PRO Turbo Mini Scout Light Pro<\/h2>\n<p>O M340DFT-PRO inclui:<\/p>\n<ul>\n<li>Intensidade de pico do feixe de 95.000 candelas com bateria SF18350 inclu\u00edda<\/li>\n<li>Padr\u00e3o de feixe turbo para identifica\u00e7\u00e3o de alvos a longa dist\u00e2ncia<\/li>\n<li>Montagem de baixo perfil para posicionamento<\/li>\n<li>Capacidade de combust\u00edvel duplo: bateria recarreg\u00e1vel SF18350 ou bateria prim\u00e1ria de l\u00edtio 123A<\/li>\n<li>Durabilidade e op\u00e7\u00f5es de comuta\u00e7\u00e3o remota<\/li>\n<\/ul>\n<p>O M340DFT-PRO tem um refletor de precis\u00e3o que produz um feixe concentrado, adequado para aplica\u00e7\u00f5es de longo alcance. Constru\u00eddo com alum\u00ednio aeroespacial e anodizado duro conforme especifica\u00e7\u00f5es militares, este WeaponLight \u00e9 projetado para suportar condi\u00e7\u00f5es adversas.<\/p>\n<\/div>\n","protected":false},"excerpt":{"rendered":"<p>Lanterna compacta e potente para armas com intensidade de pico do feixe de 95.000 candelas.<\/p>\n","protected":false},"featured_media":67938,"template":"","meta":{"_acf_changed":false},"product_brand":[11871],"product_cat":[1565,654,2201],"product_tag":[],"class_list":{"0":"post-67937","1":"product","2":"type-product","3":"status-publish","4":"has-post-thumbnail","6":"product_brand-surefire","7":"product_cat-lights-pt-pt","8":"product_cat-rifle-pt-pt","9":"product_cat-rifle-lights-pt-pt","11":"first","12":"instock","13":"taxable","14":"shipping-taxable","15":"purchasable","16":"product-type-variable","17":"wvs-archive-product-wrapper"},"acf":[],"_links":{"self":[{"href":"https:\/\/staging.nbg.eu\/pt-pt\/wp-json\/wp\/v2\/product\/67937","targetHints":{"allow":["GET"]}}],"collection":[{"href":"https:\/\/staging.nbg.eu\/pt-pt\/wp-json\/wp\/v2\/product"}],"about":[{"href":"https:\/\/staging.nbg.eu\/pt-pt\/wp-json\/wp\/v2\/types\/product"}],"wp:featuredmedia":[{"embeddable":true,"href":"https:\/\/staging.nbg.eu\/pt-pt\/wp-json\/wp\/v2\/media\/67938"}],"wp:attachment":[{"href":"https:\/\/staging.nbg.eu\/pt-pt\/wp-json\/wp\/v2\/media?parent=67937"}],"wp:term":[{"taxonomy":"product_brand","embeddable":true,"href":"https:\/\/staging.nbg.eu\/pt-pt\/wp-json\/wp\/v2\/product_brand?post=67937"},{"taxonomy":"product_cat","embeddable":true,"href":"https:\/\/staging.nbg.eu\/pt-pt\/wp-json\/wp\/v2\/product_cat?post=67937"},{"taxonomy":"product_tag","embeddable":true,"href":"https:\/\/staging.nbg.eu\/pt-pt\/wp-json\/wp\/v2\/product_tag?post=67937"}],"curies":[{"name":"wp","href":"https:\/\/api.w.org\/{rel}","templated":true}]}}