{"id":67669,"date":"2024-01-13T11:48:33","date_gmt":"2024-01-13T11:48:33","guid":{"rendered":"https:\/\/staging.nbg.eu\/product\/surefire-m340v-pro\/"},"modified":"2024-09-20T12:16:25","modified_gmt":"2024-09-20T12:16:25","slug":"surefire-m340v-pro","status":"publish","type":"product","link":"https:\/\/staging.nbg.eu\/pt-pt\/produto\/surefire-m340v-pro\/","title":{"rendered":"SureFire M340V-PRO"},"content":{"rendered":"<div class=\"product-description\">\n<h2>Mini Scout Light Pro Infravermelho<\/h2>\n<p>O Scout Light Pro de c\u00e9lula \u00fanica oferece:<\/p>\n<ul>\n<li>250 l\u00famens de luz branca e 100 mW de sa\u00edda infravermelha<\/li>\n<li>Padr\u00e3o de feixe h\u00edbrido para identifica\u00e7\u00e3o e consci\u00eancia situacional de m\u00e9dio a longo alcance<\/li>\n<li>Novo suporte de baixo perfil para posicionamento ideal e compatibilidade com acess\u00f3rios<\/li>\n<li>F\u00e1cil altern\u00e2ncia entre luz branca, desativado e infravermelho<\/li>\n<li>Constru\u00e7\u00e3o em alum\u00ednio aeroespacial com anodiza\u00e7\u00e3o dura de especifica\u00e7\u00e3o militar<\/li>\n<li>Alimentado por uma \u00fanica bateria de l\u00edtio 123A<\/li>\n<li>Compat\u00edvel com trilhos MIL-STD-1913 e M-LOK<\/li>\n<\/ul>\n<p>Projetado para suportar condi\u00e7\u00f5es de combate, este dispositivo compacto oferece vantagens em cen\u00e1rios de baixa luminosidade.<\/p>\n<\/div>\n","protected":false},"excerpt":{"rendered":"<p>Lanterna t\u00e1tica compacta com sa\u00edda branca de 250 l\u00famens e infravermelha de 100 mW.<\/p>\n","protected":false},"featured_media":67670,"template":"","meta":{"_acf_changed":false},"product_brand":[11871],"product_cat":[1565,654,2201],"product_tag":[],"class_list":{"0":"post-67669","1":"product","2":"type-product","3":"status-publish","4":"has-post-thumbnail","6":"product_brand-surefire","7":"product_cat-lights-pt-pt","8":"product_cat-rifle-pt-pt","9":"product_cat-rifle-lights-pt-pt","11":"first","12":"instock","13":"taxable","14":"shipping-taxable","15":"purchasable","16":"product-type-simple"},"acf":[],"_links":{"self":[{"href":"https:\/\/staging.nbg.eu\/pt-pt\/wp-json\/wp\/v2\/product\/67669","targetHints":{"allow":["GET"]}}],"collection":[{"href":"https:\/\/staging.nbg.eu\/pt-pt\/wp-json\/wp\/v2\/product"}],"about":[{"href":"https:\/\/staging.nbg.eu\/pt-pt\/wp-json\/wp\/v2\/types\/product"}],"wp:featuredmedia":[{"embeddable":true,"href":"https:\/\/staging.nbg.eu\/pt-pt\/wp-json\/wp\/v2\/media\/67670"}],"wp:attachment":[{"href":"https:\/\/staging.nbg.eu\/pt-pt\/wp-json\/wp\/v2\/media?parent=67669"}],"wp:term":[{"taxonomy":"product_brand","embeddable":true,"href":"https:\/\/staging.nbg.eu\/pt-pt\/wp-json\/wp\/v2\/product_brand?post=67669"},{"taxonomy":"product_cat","embeddable":true,"href":"https:\/\/staging.nbg.eu\/pt-pt\/wp-json\/wp\/v2\/product_cat?post=67669"},{"taxonomy":"product_tag","embeddable":true,"href":"https:\/\/staging.nbg.eu\/pt-pt\/wp-json\/wp\/v2\/product_tag?post=67669"}],"curies":[{"name":"wp","href":"https:\/\/api.w.org\/{rel}","templated":true}]}}