{"id":67489,"date":"2024-01-13T12:03:58","date_gmt":"2024-09-20T12:08:04","guid":{"rendered":"https:\/\/staging.nbg.eu\/product\/surefire-ds00\/"},"modified":"2024-09-20T12:09:02","modified_gmt":"2024-09-20T12:09:02","slug":"surefire-ds00","status":"publish","type":"product","link":"https:\/\/staging.nbg.eu\/pt-pt\/produto\/surefire-ds00\/","title":{"rendered":"SureFire DS00"},"content":{"rendered":"<p>\nO SureFire DS00 \u00e9 um conjunto de interruptores \u00e0 prova d&#8217;\u00e1gua para a maioria dos WeaponLights Scout Light\u00ae. Caracter\u00edsticas:<\/p>\n<ul>\n<li>Opera\u00e7\u00e3o independente de interruptores integrados e remotos<\/li>\n<li>Compatibilidade com v\u00e1rios interruptores remotos de fita SureFire<\/li>\n<li>Interruptor de bot\u00e3o de press\u00e3o para ligar\/desligar<\/li>\n<li>Recurso de desativa\u00e7\u00e3o do sistema<\/li>\n<li>Redund\u00e2ncia de interruptores para confiabilidade<\/li>\n<\/ul>\n<p>Melhore a funcionalidade do seu WeaponLight com o DS00 (N\u00e3o compat\u00edvel com o Micro Scout Light Pro).<\/p>\n","protected":false},"excerpt":{"rendered":"<p>Interruptor vers\u00e1til para lanternas SureFire WeaponLights com modos de opera\u00e7\u00e3o dupla.<\/p>\n","protected":false},"featured_media":67490,"template":"","meta":{"_acf_changed":false},"product_brand":[11871],"product_cat":[1564,1565,654],"product_tag":[],"class_list":{"0":"post-67489","1":"product","2":"type-product","3":"status-publish","4":"has-post-thumbnail","6":"product_brand-surefire","7":"product_cat-light-accessories-pt-pt","8":"product_cat-lights-pt-pt","9":"product_cat-rifle-pt-pt","11":"first","12":"instock","13":"taxable","14":"shipping-taxable","15":"purchasable","16":"product-type-variable","17":"wvs-archive-product-wrapper"},"acf":[],"_links":{"self":[{"href":"https:\/\/staging.nbg.eu\/pt-pt\/wp-json\/wp\/v2\/product\/67489","targetHints":{"allow":["GET"]}}],"collection":[{"href":"https:\/\/staging.nbg.eu\/pt-pt\/wp-json\/wp\/v2\/product"}],"about":[{"href":"https:\/\/staging.nbg.eu\/pt-pt\/wp-json\/wp\/v2\/types\/product"}],"wp:featuredmedia":[{"embeddable":true,"href":"https:\/\/staging.nbg.eu\/pt-pt\/wp-json\/wp\/v2\/media\/67490"}],"wp:attachment":[{"href":"https:\/\/staging.nbg.eu\/pt-pt\/wp-json\/wp\/v2\/media?parent=67489"}],"wp:term":[{"taxonomy":"product_brand","embeddable":true,"href":"https:\/\/staging.nbg.eu\/pt-pt\/wp-json\/wp\/v2\/product_brand?post=67489"},{"taxonomy":"product_cat","embeddable":true,"href":"https:\/\/staging.nbg.eu\/pt-pt\/wp-json\/wp\/v2\/product_cat?post=67489"},{"taxonomy":"product_tag","embeddable":true,"href":"https:\/\/staging.nbg.eu\/pt-pt\/wp-json\/wp\/v2\/product_tag?post=67489"}],"curies":[{"name":"wp","href":"https:\/\/api.w.org\/{rel}","templated":true}]}}