{"id":67403,"date":"2024-01-13T12:20:15","date_gmt":"2024-09-20T12:06:44","guid":{"rendered":"https:\/\/staging.nbg.eu\/product\/surefire-ue-sr07-scout-light-remote-switch\/"},"modified":"2024-09-20T12:07:43","modified_gmt":"2024-09-20T12:07:43","slug":"surefire-ue-sr07-interruptor-remoto-scout-light","status":"publish","type":"product","link":"https:\/\/staging.nbg.eu\/pt-pt\/produto\/surefire-ue-sr07-interruptor-remoto-scout-light\/","title":{"rendered":"SureFire UE-SR07 (Interruptor Remoto Scout Light)"},"content":{"rendered":"<p>\nO interruptor remoto SureFire UE-SR07 SCOUT LIGHT oferece:<\/p>\n<ul>\n<li>Interruptor remoto SR07 plug-in com bot\u00e3o de ativa\u00e7\u00e3o moment\u00e2nea e interruptor de ligar\/desligar<\/li>\n<li>Carca\u00e7a compat\u00edvel com MIL-STD-1913<\/li>\n<li>Bot\u00e3o de press\u00e3o se encaixa em trilhos Picatinny<\/li>\n<li>Fun\u00e7\u00e3o de desativa\u00e7\u00e3o do sistema<\/li>\n<li>Controle completo de comuta\u00e7\u00e3o com tampa traseira UE<\/li>\n<\/ul>\n","protected":false},"excerpt":{"rendered":"<p>Interruptor remoto para lanterna SureFire Scout Light: Controle moment\u00e2neo e de luz constante.<\/p>\n","protected":false},"featured_media":67404,"template":"","meta":{"_acf_changed":false},"product_brand":[11871],"product_cat":[1564,1565,654],"product_tag":[],"class_list":{"0":"post-67403","1":"product","2":"type-product","3":"status-publish","4":"has-post-thumbnail","6":"product_brand-surefire","7":"product_cat-light-accessories-pt-pt","8":"product_cat-lights-pt-pt","9":"product_cat-rifle-pt-pt","11":"first","12":"outofstock","13":"taxable","14":"shipping-taxable","15":"product-type-variable","16":"wvs-archive-product-wrapper"},"acf":[],"_links":{"self":[{"href":"https:\/\/staging.nbg.eu\/pt-pt\/wp-json\/wp\/v2\/product\/67403","targetHints":{"allow":["GET"]}}],"collection":[{"href":"https:\/\/staging.nbg.eu\/pt-pt\/wp-json\/wp\/v2\/product"}],"about":[{"href":"https:\/\/staging.nbg.eu\/pt-pt\/wp-json\/wp\/v2\/types\/product"}],"wp:featuredmedia":[{"embeddable":true,"href":"https:\/\/staging.nbg.eu\/pt-pt\/wp-json\/wp\/v2\/media\/67404"}],"wp:attachment":[{"href":"https:\/\/staging.nbg.eu\/pt-pt\/wp-json\/wp\/v2\/media?parent=67403"}],"wp:term":[{"taxonomy":"product_brand","embeddable":true,"href":"https:\/\/staging.nbg.eu\/pt-pt\/wp-json\/wp\/v2\/product_brand?post=67403"},{"taxonomy":"product_cat","embeddable":true,"href":"https:\/\/staging.nbg.eu\/pt-pt\/wp-json\/wp\/v2\/product_cat?post=67403"},{"taxonomy":"product_tag","embeddable":true,"href":"https:\/\/staging.nbg.eu\/pt-pt\/wp-json\/wp\/v2\/product_tag?post=67403"}],"curies":[{"name":"wp","href":"https:\/\/api.w.org\/{rel}","templated":true}]}}