{"id":67329,"date":"2024-01-13T12:52:23","date_gmt":"2024-09-20T12:05:25","guid":{"rendered":"https:\/\/staging.nbg.eu\/product\/surefire-sr07-weaponlight-switch\/"},"modified":"2024-09-20T12:06:21","modified_gmt":"2024-09-20T12:06:21","slug":"surefire-sr07-interruptor-para-lanterna-tatica","status":"publish","type":"product","link":"https:\/\/staging.nbg.eu\/pt-pt\/produto\/surefire-sr07-interruptor-para-lanterna-tatica\/","title":{"rendered":"SureFire SR07 (Interruptor para Lanterna Tatica)"},"content":{"rendered":"<p>\nO SureFire SR07 oferece ativa\u00e7\u00e3o remota para lanternas SureFire WeaponLights. Caracter\u00edsticas:<\/p>\n<ul>\n<li>Bot\u00e3o de press\u00e3o para ativa\u00e7\u00e3o moment\u00e2nea<\/li>\n<li>Interruptor de bot\u00e3o para ativa\u00e7\u00e3o constante<\/li>\n<li>Cabo de 17,8 cm<\/li>\n<li>Grampo de fixa\u00e7\u00e3o para trilho Picatinny<\/li>\n<\/ul>\n<p>Adicione controle de interruptor duplo \u00e0 sua arma de fogo.<\/p>\n","protected":false},"excerpt":{"rendered":"<p>Interruptor duplo remoto para lanternas SureFire WeaponLights. Mont\u00e1vel em trilho.<\/p>\n","protected":false},"featured_media":67330,"template":"","meta":{"_acf_changed":false},"product_brand":[11871],"product_cat":[1564,1565,654],"product_tag":[],"class_list":{"0":"post-67329","1":"product","2":"type-product","3":"status-publish","4":"has-post-thumbnail","6":"product_brand-surefire","7":"product_cat-light-accessories-pt-pt","8":"product_cat-lights-pt-pt","9":"product_cat-rifle-pt-pt","11":"first","12":"instock","13":"taxable","14":"shipping-taxable","15":"purchasable","16":"product-type-simple"},"acf":[],"_links":{"self":[{"href":"https:\/\/staging.nbg.eu\/pt-pt\/wp-json\/wp\/v2\/product\/67329","targetHints":{"allow":["GET"]}}],"collection":[{"href":"https:\/\/staging.nbg.eu\/pt-pt\/wp-json\/wp\/v2\/product"}],"about":[{"href":"https:\/\/staging.nbg.eu\/pt-pt\/wp-json\/wp\/v2\/types\/product"}],"wp:featuredmedia":[{"embeddable":true,"href":"https:\/\/staging.nbg.eu\/pt-pt\/wp-json\/wp\/v2\/media\/67330"}],"wp:attachment":[{"href":"https:\/\/staging.nbg.eu\/pt-pt\/wp-json\/wp\/v2\/media?parent=67329"}],"wp:term":[{"taxonomy":"product_brand","embeddable":true,"href":"https:\/\/staging.nbg.eu\/pt-pt\/wp-json\/wp\/v2\/product_brand?post=67329"},{"taxonomy":"product_cat","embeddable":true,"href":"https:\/\/staging.nbg.eu\/pt-pt\/wp-json\/wp\/v2\/product_cat?post=67329"},{"taxonomy":"product_tag","embeddable":true,"href":"https:\/\/staging.nbg.eu\/pt-pt\/wp-json\/wp\/v2\/product_tag?post=67329"}],"curies":[{"name":"wp","href":"https:\/\/api.w.org\/{rel}","templated":true}]}}