{"id":67287,"date":"2024-01-13T13:21:56","date_gmt":"2024-09-20T12:04:11","guid":{"rendered":"https:\/\/staging.nbg.eu\/product\/surefire-switch-st07\/"},"modified":"2024-09-20T12:05:07","modified_gmt":"2024-09-20T12:05:07","slug":"surefire-switch-st07","status":"publish","type":"product","link":"https:\/\/staging.nbg.eu\/pt-pt\/produto\/surefire-switch-st07\/","title":{"rendered":"SureFire Switch ST07"},"content":{"rendered":"<p>\nO SureFire Switch ST07 oferece ativa\u00e7\u00e3o remota para WeaponLights compat\u00edveis. Caracter\u00edsticas:<\/p>\n<ul>\n<li>Cabo de 17,8 cm para uso em rifles\/carabinas<\/li>\n<li>Plugue com veda\u00e7\u00e3o O-ring para resist\u00eancia \u00e0s intemp\u00e9ries<\/li>\n<li>Fixa\u00e7\u00e3o com Velcro\u00ae para posicionamento vers\u00e1til<\/li>\n<\/ul>\n<p>Este interruptor remoto melhora o controle t\u00e1tico.<\/p>\n","protected":false},"excerpt":{"rendered":"<p>Interruptor remoto para lanternas SureFire WeaponLights. Cabo de 17,8 cm, \u00e0 prova de intemp\u00e9ries.<\/p>\n","protected":false},"featured_media":67288,"template":"","meta":{"_acf_changed":false},"product_brand":[11871],"product_cat":[1564,1565,654],"product_tag":[],"class_list":{"0":"post-67287","1":"product","2":"type-product","3":"status-publish","4":"has-post-thumbnail","6":"product_brand-surefire","7":"product_cat-light-accessories-pt-pt","8":"product_cat-lights-pt-pt","9":"product_cat-rifle-pt-pt","11":"first","12":"instock","13":"taxable","14":"shipping-taxable","15":"purchasable","16":"product-type-simple"},"acf":[],"_links":{"self":[{"href":"https:\/\/staging.nbg.eu\/pt-pt\/wp-json\/wp\/v2\/product\/67287","targetHints":{"allow":["GET"]}}],"collection":[{"href":"https:\/\/staging.nbg.eu\/pt-pt\/wp-json\/wp\/v2\/product"}],"about":[{"href":"https:\/\/staging.nbg.eu\/pt-pt\/wp-json\/wp\/v2\/types\/product"}],"wp:featuredmedia":[{"embeddable":true,"href":"https:\/\/staging.nbg.eu\/pt-pt\/wp-json\/wp\/v2\/media\/67288"}],"wp:attachment":[{"href":"https:\/\/staging.nbg.eu\/pt-pt\/wp-json\/wp\/v2\/media?parent=67287"}],"wp:term":[{"taxonomy":"product_brand","embeddable":true,"href":"https:\/\/staging.nbg.eu\/pt-pt\/wp-json\/wp\/v2\/product_brand?post=67287"},{"taxonomy":"product_cat","embeddable":true,"href":"https:\/\/staging.nbg.eu\/pt-pt\/wp-json\/wp\/v2\/product_cat?post=67287"},{"taxonomy":"product_tag","embeddable":true,"href":"https:\/\/staging.nbg.eu\/pt-pt\/wp-json\/wp\/v2\/product_tag?post=67287"}],"curies":[{"name":"wp","href":"https:\/\/api.w.org\/{rel}","templated":true}]}}