{"id":67173,"date":"2024-01-13T13:29:38","date_gmt":"2024-09-20T12:00:03","guid":{"rendered":"https:\/\/staging.nbg.eu\/product\/surefire-x300u-a\/"},"modified":"2025-02-19T14:51:23","modified_gmt":"2025-02-19T14:51:23","slug":"surefire-x300u-a","status":"publish","type":"product","link":"https:\/\/staging.nbg.eu\/pt-pt\/produto\/surefire-x300u-a\/","title":{"rendered":"SureFire X300U-A"},"content":{"rendered":"<div class=\"product-description\">\n<h2>SureFire X300U-A Luz T\u00e1tica para Arma<\/h2>\n<p>O SureFire X300U-A \u00e9 uma luz t\u00e1tica de alto desempenho projetada para profissionais. Este dispositivo fornece 1.000 l\u00famens de sa\u00edda LED, focalizados por uma lente TIR de precis\u00e3o.<\/p>\n<ul>\n<li>Sistema de trava de alavanca de desconex\u00e3o r\u00e1pida para fixa\u00e7\u00e3o\/remo\u00e7\u00e3o<\/li>\n<li>Interruptor ambidestro para ativa\u00e7\u00e3o<\/li>\n<li>Corpo de alum\u00ednio aeroespacial com acabamento anodizado duro Mil-Spec<\/li>\n<li>Classifica\u00e7\u00e3o \u00e0 prova d&#8217;\u00e1gua IPX7 (1 metro por 30 minutos)<\/li>\n<li>1,25 horas de tempo de funcionamento com duas baterias de l\u00edtio 123A inclu\u00eddas<\/li>\n<li>Design compacto: 3,76 polegadas de comprimento, pesando apenas 4,0 oz<\/li>\n<\/ul>\n<p>Ilumine alvos a dist\u00e2ncias significativas enquanto mant\u00e9m a consci\u00eancia situacional com o SureFire X300U-A.<\/p>\n<\/div>\n","protected":false},"excerpt":{"rendered":"<p>SureFire X300U-A: Lanterna t\u00e1tica de 1000 l\u00famens para pistolas e rifles.<\/p>\n","protected":false},"featured_media":67174,"template":"","meta":{"_acf_changed":false},"product_brand":[11871],"product_cat":[1565,2180,1673],"product_tag":[],"class_list":{"0":"post-67173","1":"product","2":"type-product","3":"status-publish","4":"has-post-thumbnail","6":"product_brand-surefire","7":"product_cat-lights-pt-pt","8":"product_cat-pistol-pt-pt","9":"product_cat-pistol-lights-pt-pt","11":"first","12":"instock","13":"taxable","14":"shipping-taxable","15":"purchasable","16":"product-type-variable","17":"wvs-archive-product-wrapper"},"acf":[],"_links":{"self":[{"href":"https:\/\/staging.nbg.eu\/pt-pt\/wp-json\/wp\/v2\/product\/67173","targetHints":{"allow":["GET"]}}],"collection":[{"href":"https:\/\/staging.nbg.eu\/pt-pt\/wp-json\/wp\/v2\/product"}],"about":[{"href":"https:\/\/staging.nbg.eu\/pt-pt\/wp-json\/wp\/v2\/types\/product"}],"wp:featuredmedia":[{"embeddable":true,"href":"https:\/\/staging.nbg.eu\/pt-pt\/wp-json\/wp\/v2\/media\/67174"}],"wp:attachment":[{"href":"https:\/\/staging.nbg.eu\/pt-pt\/wp-json\/wp\/v2\/media?parent=67173"}],"wp:term":[{"taxonomy":"product_brand","embeddable":true,"href":"https:\/\/staging.nbg.eu\/pt-pt\/wp-json\/wp\/v2\/product_brand?post=67173"},{"taxonomy":"product_cat","embeddable":true,"href":"https:\/\/staging.nbg.eu\/pt-pt\/wp-json\/wp\/v2\/product_cat?post=67173"},{"taxonomy":"product_tag","embeddable":true,"href":"https:\/\/staging.nbg.eu\/pt-pt\/wp-json\/wp\/v2\/product_tag?post=67173"}],"curies":[{"name":"wp","href":"https:\/\/api.w.org\/{rel}","templated":true}]}}