{"id":66899,"date":"2024-01-13T20:15:17","date_gmt":"2024-09-20T11:57:23","guid":{"rendered":"https:\/\/staging.nbg.eu\/product\/surefire-x300u-b\/"},"modified":"2025-02-19T14:59:13","modified_gmt":"2025-02-19T14:59:13","slug":"surefire-x300u-b","status":"publish","type":"product","link":"https:\/\/staging.nbg.eu\/pt-pt\/produto\/surefire-x300u-b\/","title":{"rendered":"SureFire X300U-B"},"content":{"rendered":"<div class=\"product-description\">\n<h2>SureFire X300U-B Luz T\u00e1tica para Arma<\/h2>\n<p>O SureFire X300U-B \u00e9 uma luz t\u00e1tica de alto desempenho projetada para profissionais. Este dispositivo produz 1.000 l\u00famens de sa\u00edda LED, focalizados por uma lente TIR de precis\u00e3o.<\/p>\n<ul>\n<li>Bra\u00e7adeira de parafuso para fixa\u00e7\u00e3o segura em trilhos<\/li>\n<li>Interruptor ambidestro para ativa\u00e7\u00e3o<\/li>\n<li>Corpo em alum\u00ednio aeroespacial com acabamento anodizado<\/li>\n<li>Classifica\u00e7\u00e3o \u00e0 prova d&#8217;\u00e1gua IPX7 (1 metro por 30 minutos)<\/li>\n<li>1,25 horas de tempo de execu\u00e7\u00e3o com duas baterias de l\u00edtio 123A inclu\u00eddas<\/li>\n<li>Design compacto: 9,55 cm de comprimento, pesando 113 gramas<\/li>\n<\/ul>\n<p>Ilumine alvos a dist\u00e2ncias significativas enquanto mant\u00e9m a consci\u00eancia situacional com o SureFire X300U-B.<\/p>\n<\/div>\n","protected":false},"excerpt":{"rendered":"<p>SureFire X300U-B: Luz t\u00e1tica de 1000 l\u00famens para armas curtas e longas.<\/p>\n","protected":false},"featured_media":66900,"template":"","meta":{"_acf_changed":false},"product_brand":[11871],"product_cat":[1565,2180,1673],"product_tag":[],"class_list":{"0":"post-66899","1":"product","2":"type-product","3":"status-publish","4":"has-post-thumbnail","6":"product_brand-surefire","7":"product_cat-lights-pt-pt","8":"product_cat-pistol-pt-pt","9":"product_cat-pistol-lights-pt-pt","11":"first","12":"instock","13":"taxable","14":"shipping-taxable","15":"purchasable","16":"product-type-variable","17":"wvs-archive-product-wrapper"},"acf":[],"_links":{"self":[{"href":"https:\/\/staging.nbg.eu\/pt-pt\/wp-json\/wp\/v2\/product\/66899","targetHints":{"allow":["GET"]}}],"collection":[{"href":"https:\/\/staging.nbg.eu\/pt-pt\/wp-json\/wp\/v2\/product"}],"about":[{"href":"https:\/\/staging.nbg.eu\/pt-pt\/wp-json\/wp\/v2\/types\/product"}],"wp:featuredmedia":[{"embeddable":true,"href":"https:\/\/staging.nbg.eu\/pt-pt\/wp-json\/wp\/v2\/media\/66900"}],"wp:attachment":[{"href":"https:\/\/staging.nbg.eu\/pt-pt\/wp-json\/wp\/v2\/media?parent=66899"}],"wp:term":[{"taxonomy":"product_brand","embeddable":true,"href":"https:\/\/staging.nbg.eu\/pt-pt\/wp-json\/wp\/v2\/product_brand?post=66899"},{"taxonomy":"product_cat","embeddable":true,"href":"https:\/\/staging.nbg.eu\/pt-pt\/wp-json\/wp\/v2\/product_cat?post=66899"},{"taxonomy":"product_tag","embeddable":true,"href":"https:\/\/staging.nbg.eu\/pt-pt\/wp-json\/wp\/v2\/product_tag?post=66899"}],"curies":[{"name":"wp","href":"https:\/\/api.w.org\/{rel}","templated":true}]}}