{"id":66653,"date":"2024-01-30T18:10:41","date_gmt":"2024-09-20T11:53:54","guid":{"rendered":"https:\/\/staging.nbg.eu\/product\/surefire-x300t-a\/"},"modified":"2024-09-20T11:54:53","modified_gmt":"2024-09-20T11:54:53","slug":"surefire-x300t-a","status":"publish","type":"product","link":"https:\/\/staging.nbg.eu\/pt-pt\/produto\/surefire-x300t-a\/","title":{"rendered":"SureFire X300T-A"},"content":{"rendered":"<div class=\"product-description\">\n<h2>SureFire X300T-A Luz T\u00e1tica para Armas<\/h2>\n<p>O SureFire X300T-A \u00e9 uma luz t\u00e1tica de alto desempenho projetada para profissionais. Com uma intensidade de pico de feixe de 66.000 candelas e sa\u00edda de 650 l\u00famens, esta luz oferece:<\/p>\n<ul>\n<li>Padr\u00e3o de feixe turbo para identifica\u00e7\u00e3o de alvos a longas dist\u00e2ncias<\/li>\n<li>Sistema de fixa\u00e7\u00e3o Lever Latch para montagem em trilhos Universal e Picatinny<\/li>\n<li>Interruptor ambidestro para ativa\u00e7\u00e3o<\/li>\n<li>Compatibilidade com coldres X300U-A existentes<\/li>\n<li>Corpo de alum\u00ednio aeroespacial com acabamento anodizado duro Mil-Spec<\/li>\n<li>Classifica\u00e7\u00e3o \u00e0 prova d&#8217;\u00e1gua IPX7 (1 metro por 30 minutos)<\/li>\n<li>1,5 horas de tempo de funcionamento com duas baterias de l\u00edtio 123A inclu\u00eddas<\/li>\n<\/ul>\n<p>O X300T-A ilumina at\u00e9 514 metros de dist\u00e2ncia.<\/p>\n<\/div>\n","protected":false},"excerpt":{"rendered":"<p>SureFire X300T-A: luz t\u00e1tica de 66.000 candelas para identifica\u00e7\u00e3o pessoal de longo alcance.<\/p>\n","protected":false},"featured_media":66654,"template":"","meta":{"_acf_changed":false},"product_brand":[11871],"product_cat":[1565,2180,1673],"product_tag":[],"class_list":{"0":"post-66653","1":"product","2":"type-product","3":"status-publish","4":"has-post-thumbnail","6":"product_brand-surefire","7":"product_cat-lights-pt-pt","8":"product_cat-pistol-pt-pt","9":"product_cat-pistol-lights-pt-pt","11":"first","12":"instock","13":"taxable","14":"shipping-taxable","15":"purchasable","16":"product-type-variable","17":"wvs-archive-product-wrapper"},"acf":[],"_links":{"self":[{"href":"https:\/\/staging.nbg.eu\/pt-pt\/wp-json\/wp\/v2\/product\/66653","targetHints":{"allow":["GET"]}}],"collection":[{"href":"https:\/\/staging.nbg.eu\/pt-pt\/wp-json\/wp\/v2\/product"}],"about":[{"href":"https:\/\/staging.nbg.eu\/pt-pt\/wp-json\/wp\/v2\/types\/product"}],"wp:featuredmedia":[{"embeddable":true,"href":"https:\/\/staging.nbg.eu\/pt-pt\/wp-json\/wp\/v2\/media\/66654"}],"wp:attachment":[{"href":"https:\/\/staging.nbg.eu\/pt-pt\/wp-json\/wp\/v2\/media?parent=66653"}],"wp:term":[{"taxonomy":"product_brand","embeddable":true,"href":"https:\/\/staging.nbg.eu\/pt-pt\/wp-json\/wp\/v2\/product_brand?post=66653"},{"taxonomy":"product_cat","embeddable":true,"href":"https:\/\/staging.nbg.eu\/pt-pt\/wp-json\/wp\/v2\/product_cat?post=66653"},{"taxonomy":"product_tag","embeddable":true,"href":"https:\/\/staging.nbg.eu\/pt-pt\/wp-json\/wp\/v2\/product_tag?post=66653"}],"curies":[{"name":"wp","href":"https:\/\/api.w.org\/{rel}","templated":true}]}}