{"id":66425,"date":"2024-01-16T19:29:25","date_gmt":"2024-09-20T11:51:14","guid":{"rendered":"https:\/\/staging.nbg.eu\/product\/surefire-x300t-b-weaponlight\/"},"modified":"2024-09-20T11:52:13","modified_gmt":"2024-09-20T11:52:13","slug":"lanterna-tatica-surefire-x300t-b","status":"publish","type":"product","link":"https:\/\/staging.nbg.eu\/pt-pt\/produto\/lanterna-tatica-surefire-x300t-b\/","title":{"rendered":"Lanterna T\u00e1tica SureFire X300T-B"},"content":{"rendered":"<div class=\"product-description\">\n<h2>SureFire X300T-B WEAPONLIGHT<\/h2>\n<p>O SureFire X300T-B WEAPONLIGHT \u00e9 uma solu\u00e7\u00e3o de ilumina\u00e7\u00e3o para profissionais. Esta vers\u00e3o Turbo do X300 oferece:<\/p>\n<ul>\n<li>Intensidade de pico do feixe de 66.000 candelas<\/li>\n<li>650 l\u00famens de luz branca focada<\/li>\n<li>Padr\u00e3o de feixe Turbo para identifica\u00e7\u00e3o de amea\u00e7as a longas dist\u00e2ncias<\/li>\n<li>1,5 horas de autonomia com duas baterias de l\u00edtio 123A inclu\u00eddas<\/li>\n<\/ul>\n<p>O X300T-B apresenta:<\/p>\n<ul>\n<li>Fixa\u00e7\u00e3o com parafuso para trilhos Universal e Picatinny<\/li>\n<li>Interruptor ambidestro para ativa\u00e7\u00e3o r\u00e1pida<\/li>\n<li>Compatibilidade com coldres X300U-B existentes<\/li>\n<li>Corpo em alum\u00ednio aeroespacial com acabamento anodizado<\/li>\n<li>Classifica\u00e7\u00e3o \u00e0 prova d&#8217;\u00e1gua IPX7 (submers\u00edvel a 1 metro por 30 minutos)<\/li>\n<\/ul>\n<p>Especifica\u00e7\u00f5es principais:<\/p>\n<ul>\n<li>Comprimento: 9,55 cm<\/li>\n<li>Peso com baterias: 124,7 g<\/li>\n<li>Di\u00e2metro do bezel: 2,9 cm<\/li>\n<li>Alcance efetivo: 514 metros<\/li>\n<\/ul>\n<p>O SureFire X300T-B WEAPONLIGHT oferece desempenho e confiabilidade em situa\u00e7\u00f5es cr\u00edticas.<\/p>\n<\/div>\n","protected":false},"excerpt":{"rendered":"<p>Potente lanterna para armas de 650 l\u00famens com feixe de 66.000 candelas para identifica\u00e7\u00e3o a dist\u00e2ncias extremas.<\/p>\n","protected":false},"featured_media":83177,"template":"","meta":{"_acf_changed":false},"product_brand":[11871],"product_cat":[1565,2180,1673],"product_tag":[],"class_list":{"0":"post-66425","1":"product","2":"type-product","3":"status-publish","4":"has-post-thumbnail","6":"product_brand-surefire","7":"product_cat-lights-pt-pt","8":"product_cat-pistol-pt-pt","9":"product_cat-pistol-lights-pt-pt","11":"first","12":"instock","13":"taxable","14":"shipping-taxable","15":"purchasable","16":"product-type-variable","17":"wvs-archive-product-wrapper"},"acf":[],"_links":{"self":[{"href":"https:\/\/staging.nbg.eu\/pt-pt\/wp-json\/wp\/v2\/product\/66425","targetHints":{"allow":["GET"]}}],"collection":[{"href":"https:\/\/staging.nbg.eu\/pt-pt\/wp-json\/wp\/v2\/product"}],"about":[{"href":"https:\/\/staging.nbg.eu\/pt-pt\/wp-json\/wp\/v2\/types\/product"}],"wp:featuredmedia":[{"embeddable":true,"href":"https:\/\/staging.nbg.eu\/pt-pt\/wp-json\/wp\/v2\/media\/83177"}],"wp:attachment":[{"href":"https:\/\/staging.nbg.eu\/pt-pt\/wp-json\/wp\/v2\/media?parent=66425"}],"wp:term":[{"taxonomy":"product_brand","embeddable":true,"href":"https:\/\/staging.nbg.eu\/pt-pt\/wp-json\/wp\/v2\/product_brand?post=66425"},{"taxonomy":"product_cat","embeddable":true,"href":"https:\/\/staging.nbg.eu\/pt-pt\/wp-json\/wp\/v2\/product_cat?post=66425"},{"taxonomy":"product_tag","embeddable":true,"href":"https:\/\/staging.nbg.eu\/pt-pt\/wp-json\/wp\/v2\/product_tag?post=66425"}],"curies":[{"name":"wp","href":"https:\/\/api.w.org\/{rel}","templated":true}]}}