{"id":66269,"date":"2024-01-18T13:56:08","date_gmt":"2024-09-20T11:48:42","guid":{"rendered":"https:\/\/staging.nbg.eu\/product\/surefire-switch-assembly-z-xbc\/"},"modified":"2024-09-20T11:49:41","modified_gmt":"2024-09-20T11:49:41","slug":"conjunto-de-interruptor-surefire-z-xbc","status":"publish","type":"product","link":"https:\/\/staging.nbg.eu\/pt-pt\/produto\/conjunto-de-interruptor-surefire-z-xbc\/","title":{"rendered":"Conjunto de Interruptor SureFire Z-XBC"},"content":{"rendered":"<p>\nO Conjunto de Interruptor SureFire Z-XBC \u00e9 o interruptor de substitui\u00e7\u00e3o original para as lanternas X300, X400 e XH30. Caracter\u00edsticas incluem:<\/p>\n<ul>\n<li>Interruptor ambidestro de press\u00e3o\/altern\u00e2ncia com fun\u00e7\u00f5es moment\u00e2nea e constante<\/li>\n<li>Constru\u00e7\u00e3o em pol\u00edmero resistente<\/li>\n<li>Dispon\u00edvel em Preto ou Bege<\/li>\n<\/ul>\n<p>N\u00e3o compat\u00edvel com a lanterna XH50G. Certifique-se de usar o interruptor correto para sua lanterna SureFire.<\/p>\n","protected":false},"excerpt":{"rendered":"<p>Interruptor de substitui\u00e7\u00e3o para lanternas de arma SureFire X300\/X400\/XH30. Modo duplo.<\/p>\n","protected":false},"featured_media":66270,"template":"","meta":{"_acf_changed":false},"product_brand":[11871],"product_cat":[1564,1565,2180,1673],"product_tag":[],"class_list":{"0":"post-66269","1":"product","2":"type-product","3":"status-publish","4":"has-post-thumbnail","6":"product_brand-surefire","7":"product_cat-light-accessories-pt-pt","8":"product_cat-lights-pt-pt","9":"product_cat-pistol-pt-pt","10":"product_cat-pistol-lights-pt-pt","12":"first","13":"instock","14":"taxable","15":"shipping-taxable","16":"purchasable","17":"product-type-variable","18":"wvs-archive-product-wrapper"},"acf":[],"_links":{"self":[{"href":"https:\/\/staging.nbg.eu\/pt-pt\/wp-json\/wp\/v2\/product\/66269","targetHints":{"allow":["GET"]}}],"collection":[{"href":"https:\/\/staging.nbg.eu\/pt-pt\/wp-json\/wp\/v2\/product"}],"about":[{"href":"https:\/\/staging.nbg.eu\/pt-pt\/wp-json\/wp\/v2\/types\/product"}],"wp:featuredmedia":[{"embeddable":true,"href":"https:\/\/staging.nbg.eu\/pt-pt\/wp-json\/wp\/v2\/media\/66270"}],"wp:attachment":[{"href":"https:\/\/staging.nbg.eu\/pt-pt\/wp-json\/wp\/v2\/media?parent=66269"}],"wp:term":[{"taxonomy":"product_brand","embeddable":true,"href":"https:\/\/staging.nbg.eu\/pt-pt\/wp-json\/wp\/v2\/product_brand?post=66269"},{"taxonomy":"product_cat","embeddable":true,"href":"https:\/\/staging.nbg.eu\/pt-pt\/wp-json\/wp\/v2\/product_cat?post=66269"},{"taxonomy":"product_tag","embeddable":true,"href":"https:\/\/staging.nbg.eu\/pt-pt\/wp-json\/wp\/v2\/product_tag?post=66269"}],"curies":[{"name":"wp","href":"https:\/\/api.w.org\/{rel}","templated":true}]}}