{"id":66195,"date":"2024-01-19T18:03:48","date_gmt":"2024-01-19T18:03:48","guid":{"rendered":"https:\/\/staging.nbg.eu\/product\/surefire-sf18350\/"},"modified":"2024-09-20T11:47:49","modified_gmt":"2024-09-20T11:47:49","slug":"surefire-sf18350","status":"publish","type":"product","link":"https:\/\/staging.nbg.eu\/pt-pt\/produto\/surefire-sf18350\/","title":{"rendered":"SureFire SF18350"},"content":{"rendered":"<div class=\"product-description\">\n<h2>Bateria Recarreg\u00e1vel SureFire SF18350<\/h2>\n<p>Alimente suas ferramentas de ilumina\u00e7\u00e3o SureFire de 3 volts Dual Fuel com a bateria recarreg\u00e1vel SF18350. Caracter\u00edsticas:<\/p>\n<ul>\n<li>3,7 volts \/ capacidade de 1100 mAh<\/li>\n<li>Carregamento MICRO-USB para op\u00e7\u00f5es de energia vers\u00e1teis<\/li>\n<li>Design de \u00edon de l\u00edtio protegido 18350<\/li>\n<li>Compat\u00edvel com produtos SureFire Dual Fuel alimentados por uma \u00fanica bateria 123A<\/li>\n<\/ul>\n<p>Inclui cabo MICRO-USB para USB para carregamento a partir de v\u00e1rias fontes. N\u00e3o compat\u00edvel com produtos n\u00e3o Dual Fuel.<\/p>\n<\/div>\n","protected":false},"excerpt":{"rendered":"<p>Bateria recarreg\u00e1vel 18350: 3.7V, 1100mAh, carregamento por MICRO-USB.<\/p>\n","protected":false},"featured_media":66196,"template":"","meta":{"_acf_changed":false},"product_brand":[11871],"product_cat":[1612,1565],"product_tag":[],"class_list":{"0":"post-66195","1":"product","2":"type-product","3":"status-publish","4":"has-post-thumbnail","6":"product_brand-surefire","7":"product_cat-batteries-2-pt-pt","8":"product_cat-lights-pt-pt","10":"first","11":"instock","12":"taxable","13":"shipping-taxable","14":"purchasable","15":"product-type-simple"},"acf":[],"_links":{"self":[{"href":"https:\/\/staging.nbg.eu\/pt-pt\/wp-json\/wp\/v2\/product\/66195","targetHints":{"allow":["GET"]}}],"collection":[{"href":"https:\/\/staging.nbg.eu\/pt-pt\/wp-json\/wp\/v2\/product"}],"about":[{"href":"https:\/\/staging.nbg.eu\/pt-pt\/wp-json\/wp\/v2\/types\/product"}],"wp:featuredmedia":[{"embeddable":true,"href":"https:\/\/staging.nbg.eu\/pt-pt\/wp-json\/wp\/v2\/media\/66196"}],"wp:attachment":[{"href":"https:\/\/staging.nbg.eu\/pt-pt\/wp-json\/wp\/v2\/media?parent=66195"}],"wp:term":[{"taxonomy":"product_brand","embeddable":true,"href":"https:\/\/staging.nbg.eu\/pt-pt\/wp-json\/wp\/v2\/product_brand?post=66195"},{"taxonomy":"product_cat","embeddable":true,"href":"https:\/\/staging.nbg.eu\/pt-pt\/wp-json\/wp\/v2\/product_cat?post=66195"},{"taxonomy":"product_tag","embeddable":true,"href":"https:\/\/staging.nbg.eu\/pt-pt\/wp-json\/wp\/v2\/product_tag?post=66195"}],"curies":[{"name":"wp","href":"https:\/\/api.w.org\/{rel}","templated":true}]}}