{"id":66153,"date":"2024-01-19T18:29:10","date_gmt":"2024-09-20T11:45:05","guid":{"rendered":"https:\/\/staging.nbg.eu\/product\/surefire-sf18650-b\/"},"modified":"2024-09-20T11:46:00","modified_gmt":"2024-09-20T11:46:00","slug":"surefire-sf18650-b","status":"publish","type":"product","link":"https:\/\/staging.nbg.eu\/pt-pt\/produto\/surefire-sf18650-b\/","title":{"rendered":"SureFire SF18650-B"},"content":{"rendered":"<div class=\"product-description\">\n<h2>Bateria Recarreg\u00e1vel SureFire SF18650-B<\/h2>\n<p>Nova bateria recarreg\u00e1vel SF18650, fornecendo 3,6 volts e 3500 mAh para maior dura\u00e7\u00e3o. Possui carregamento MICRO-USB para recarga conveniente de v\u00e1rias fontes. Compat\u00edvel com produtos SureFire selecionados, incluindo FURY-DFT, EDC2-DFT e s\u00e9rie M600DF. Carregue via USB ou carregador externo 18650 (n\u00e3o inclu\u00eddo) para m\u00e1xima versatilidade. A SF18650-B pode ser carregada e reutilizada.<\/p>\n<\/div>\n","protected":false},"excerpt":{"rendered":"<p>Bateria recarreg\u00e1vel de alta capacidade de 3500mAh com carregamento MICRO-USB.<\/p>\n","protected":false},"featured_media":66154,"template":"","meta":{"_acf_changed":false},"product_brand":[11871],"product_cat":[1612,1646,1647,1565],"product_tag":[],"class_list":{"0":"post-66153","1":"product","2":"type-product","3":"status-publish","4":"has-post-thumbnail","6":"product_brand-surefire","7":"product_cat-batteries-2-pt-pt","8":"product_cat-edc-pt-pt","9":"product_cat-edc-lights-pt-pt","10":"product_cat-lights-pt-pt","12":"first","13":"instock","14":"taxable","15":"shipping-taxable","16":"purchasable","17":"product-type-simple"},"acf":[],"_links":{"self":[{"href":"https:\/\/staging.nbg.eu\/pt-pt\/wp-json\/wp\/v2\/product\/66153","targetHints":{"allow":["GET"]}}],"collection":[{"href":"https:\/\/staging.nbg.eu\/pt-pt\/wp-json\/wp\/v2\/product"}],"about":[{"href":"https:\/\/staging.nbg.eu\/pt-pt\/wp-json\/wp\/v2\/types\/product"}],"wp:featuredmedia":[{"embeddable":true,"href":"https:\/\/staging.nbg.eu\/pt-pt\/wp-json\/wp\/v2\/media\/66154"}],"wp:attachment":[{"href":"https:\/\/staging.nbg.eu\/pt-pt\/wp-json\/wp\/v2\/media?parent=66153"}],"wp:term":[{"taxonomy":"product_brand","embeddable":true,"href":"https:\/\/staging.nbg.eu\/pt-pt\/wp-json\/wp\/v2\/product_brand?post=66153"},{"taxonomy":"product_cat","embeddable":true,"href":"https:\/\/staging.nbg.eu\/pt-pt\/wp-json\/wp\/v2\/product_cat?post=66153"},{"taxonomy":"product_tag","embeddable":true,"href":"https:\/\/staging.nbg.eu\/pt-pt\/wp-json\/wp\/v2\/product_tag?post=66153"}],"curies":[{"name":"wp","href":"https:\/\/api.w.org\/{rel}","templated":true}]}}