{"id":65593,"date":"2024-01-23T18:42:27","date_gmt":"2024-01-23T18:42:27","guid":{"rendered":"https:\/\/staging.nbg.eu\/product\/bore-cleaner-1-5-oz\/"},"modified":"2024-09-20T11:30:28","modified_gmt":"2024-09-20T11:30:28","slug":"limpador-de-cano-15-oz","status":"publish","type":"product","link":"https:\/\/staging.nbg.eu\/pt-pt\/produto\/limpador-de-cano-15-oz\/","title":{"rendered":"Limpador de Cano 1.5 oz"},"content":{"rendered":"<p>\nLimpador de Cano Iosso: Uma pasta de f\u00f3rmula biol\u00f3gica para limpeza de armas. Remove cobre, chumbo, carbono, res\u00edduos e ferrugem sem derramamentos ou danos. N\u00e3o corrosivo, inodoro e ecol\u00f3gico. Use com Escovas Eliminator e Solu\u00e7\u00e3o de \u00d3leo para limpeza completa. Produto de tecnologia \u00e0 base de plantas para armas de fogo.<\/p>\n","protected":false},"excerpt":{"rendered":"<p>Pasta de limpeza ecol\u00f3gica para armas. Remove res\u00edduos e sujeira rapidamente.<\/p>\n","protected":false},"featured_media":101688,"template":"","meta":{"_acf_changed":false},"product_brand":[11485],"product_cat":[1904,1440],"product_tag":[],"class_list":{"0":"post-65593","1":"product","2":"type-product","3":"status-publish","4":"has-post-thumbnail","6":"product_brand-iosso","7":"product_cat-cleaners-pt-pt","8":"product_cat-maintenance-pt-pt","10":"first","11":"instock","12":"taxable","13":"shipping-taxable","14":"purchasable","15":"product-type-simple"},"acf":[],"_links":{"self":[{"href":"https:\/\/staging.nbg.eu\/pt-pt\/wp-json\/wp\/v2\/product\/65593","targetHints":{"allow":["GET"]}}],"collection":[{"href":"https:\/\/staging.nbg.eu\/pt-pt\/wp-json\/wp\/v2\/product"}],"about":[{"href":"https:\/\/staging.nbg.eu\/pt-pt\/wp-json\/wp\/v2\/types\/product"}],"wp:featuredmedia":[{"embeddable":true,"href":"https:\/\/staging.nbg.eu\/pt-pt\/wp-json\/wp\/v2\/media\/101688"}],"wp:attachment":[{"href":"https:\/\/staging.nbg.eu\/pt-pt\/wp-json\/wp\/v2\/media?parent=65593"}],"wp:term":[{"taxonomy":"product_brand","embeddable":true,"href":"https:\/\/staging.nbg.eu\/pt-pt\/wp-json\/wp\/v2\/product_brand?post=65593"},{"taxonomy":"product_cat","embeddable":true,"href":"https:\/\/staging.nbg.eu\/pt-pt\/wp-json\/wp\/v2\/product_cat?post=65593"},{"taxonomy":"product_tag","embeddable":true,"href":"https:\/\/staging.nbg.eu\/pt-pt\/wp-json\/wp\/v2\/product_tag?post=65593"}],"curies":[{"name":"wp","href":"https:\/\/api.w.org\/{rel}","templated":true}]}}