{"id":63453,"date":"2024-01-23T19:15:27","date_gmt":"2024-09-16T13:12:51","guid":{"rendered":"https:\/\/staging.nbg.eu\/product\/iosso-cotton-knit-cleaning-patches\/"},"modified":"2024-09-16T13:13:49","modified_gmt":"2024-09-16T13:13:49","slug":"patches-de-limpeza-em-algodao-tricotado-iosso","status":"publish","type":"product","link":"https:\/\/staging.nbg.eu\/pt-pt\/produto\/patches-de-limpeza-em-algodao-tricotado-iosso\/","title":{"rendered":"Patches de Limpeza em Algod\u00e3o Tricotado Iosso"},"content":{"rendered":"<p>\nRetalhos de limpeza de malha de algod\u00e3o Iosso: 100% algod\u00e3o, sem fiapos e resistentes ao desgaste. O tecido de malha ret\u00e9m res\u00edduos melhor que flanela ou acr\u00edlico. Tamanhos dispon\u00edveis:<\/p>\n<ul>\n<li>1-1\/2&#8243;: rifle .22 at\u00e9 .270<\/li>\n<li>2-1\/2&#8243;: .338 at\u00e9 .357<\/li>\n<li>3&#8243;: espingardas<\/li>\n<li>6&#8243;: 37-40mm<\/li>\n<\/ul>\n<p>Tecido de piquet de malha para limpeza eficiente.<\/p>\n","protected":false},"excerpt":{"rendered":"<p>Panos de algod\u00e3o tricotados, sem fiapos, para uma limpeza superior de armas de fogo.<\/p>\n","protected":false},"featured_media":107569,"template":"","meta":{"_acf_changed":false},"product_brand":[11485],"product_cat":[1439,1440],"product_tag":[],"class_list":{"0":"post-63453","1":"product","2":"type-product","3":"status-publish","4":"has-post-thumbnail","6":"product_brand-iosso","7":"product_cat-brushes-pt-pt","8":"product_cat-maintenance-pt-pt","10":"first","11":"instock","12":"taxable","13":"shipping-taxable","14":"purchasable","15":"product-type-variable","16":"wvs-archive-product-wrapper"},"acf":[],"_links":{"self":[{"href":"https:\/\/staging.nbg.eu\/pt-pt\/wp-json\/wp\/v2\/product\/63453","targetHints":{"allow":["GET"]}}],"collection":[{"href":"https:\/\/staging.nbg.eu\/pt-pt\/wp-json\/wp\/v2\/product"}],"about":[{"href":"https:\/\/staging.nbg.eu\/pt-pt\/wp-json\/wp\/v2\/types\/product"}],"wp:featuredmedia":[{"embeddable":true,"href":"https:\/\/staging.nbg.eu\/pt-pt\/wp-json\/wp\/v2\/media\/107569"}],"wp:attachment":[{"href":"https:\/\/staging.nbg.eu\/pt-pt\/wp-json\/wp\/v2\/media?parent=63453"}],"wp:term":[{"taxonomy":"product_brand","embeddable":true,"href":"https:\/\/staging.nbg.eu\/pt-pt\/wp-json\/wp\/v2\/product_brand?post=63453"},{"taxonomy":"product_cat","embeddable":true,"href":"https:\/\/staging.nbg.eu\/pt-pt\/wp-json\/wp\/v2\/product_cat?post=63453"},{"taxonomy":"product_tag","embeddable":true,"href":"https:\/\/staging.nbg.eu\/pt-pt\/wp-json\/wp\/v2\/product_tag?post=63453"}],"curies":[{"name":"wp","href":"https:\/\/api.w.org\/{rel}","templated":true}]}}