{"id":63363,"date":"2024-01-23T19:37:48","date_gmt":"2024-09-16T13:09:48","guid":{"rendered":"https:\/\/staging.nbg.eu\/product\/iosso-firearms-parts-cleaner-degreaser-37l\/"},"modified":"2024-09-16T13:10:45","modified_gmt":"2024-09-16T13:10:45","slug":"limpador-de-pecas-de-armas-de-fogo-iosso-desengraxante-37l","status":"publish","type":"product","link":"https:\/\/staging.nbg.eu\/pt-pt\/produto\/limpador-de-pecas-de-armas-de-fogo-iosso-desengraxante-37l\/","title":{"rendered":"Limpador de Pe\u00e7as de Armas de Fogo Iosso (Desengraxante, 3,7L)"},"content":{"rendered":"<p>\nLimpador de Pe\u00e7as de Armas de Fogo Iosso: Um desengraxante ecol\u00f3gico para suas armas de fogo. Este limpador biodegrad\u00e1vel, de base biol\u00f3gica, remove sujeira, carbono, graxa e res\u00edduos. Seguro para m\u00e1quinas ultrass\u00f4nicas, tem baixo teor de VOC e \u00e9 feito de extratos naturais de plantas. Pode ser aplicado por spray, imers\u00e3o ou limpeza com pano para limpar de forma segura para voc\u00ea e para o meio ambiente.<\/p>\n","protected":false},"excerpt":{"rendered":"<p>Desengordurante potente e ecol\u00f3gico para uma limpeza completa de pe\u00e7as de armas.<\/p>\n","protected":false},"featured_media":102533,"template":"","meta":{"_acf_changed":false},"product_brand":[11485],"product_cat":[1904,1440],"product_tag":[],"class_list":{"0":"post-63363","1":"product","2":"type-product","3":"status-publish","4":"has-post-thumbnail","6":"product_brand-iosso","7":"product_cat-cleaners-pt-pt","8":"product_cat-maintenance-pt-pt","10":"first","11":"instock","12":"taxable","13":"shipping-taxable","14":"purchasable","15":"product-type-simple"},"acf":[],"_links":{"self":[{"href":"https:\/\/staging.nbg.eu\/pt-pt\/wp-json\/wp\/v2\/product\/63363","targetHints":{"allow":["GET"]}}],"collection":[{"href":"https:\/\/staging.nbg.eu\/pt-pt\/wp-json\/wp\/v2\/product"}],"about":[{"href":"https:\/\/staging.nbg.eu\/pt-pt\/wp-json\/wp\/v2\/types\/product"}],"wp:featuredmedia":[{"embeddable":true,"href":"https:\/\/staging.nbg.eu\/pt-pt\/wp-json\/wp\/v2\/media\/102533"}],"wp:attachment":[{"href":"https:\/\/staging.nbg.eu\/pt-pt\/wp-json\/wp\/v2\/media?parent=63363"}],"wp:term":[{"taxonomy":"product_brand","embeddable":true,"href":"https:\/\/staging.nbg.eu\/pt-pt\/wp-json\/wp\/v2\/product_brand?post=63363"},{"taxonomy":"product_cat","embeddable":true,"href":"https:\/\/staging.nbg.eu\/pt-pt\/wp-json\/wp\/v2\/product_cat?post=63363"},{"taxonomy":"product_tag","embeddable":true,"href":"https:\/\/staging.nbg.eu\/pt-pt\/wp-json\/wp\/v2\/product_tag?post=63363"}],"curies":[{"name":"wp","href":"https:\/\/api.w.org\/{rel}","templated":true}]}}