{"id":63315,"date":"2024-01-23T19:46:33","date_gmt":"2024-09-16T13:04:50","guid":{"rendered":"https:\/\/staging.nbg.eu\/product\/iosso-gunbrite\/"},"modified":"2024-09-16T13:05:47","modified_gmt":"2024-09-16T13:05:47","slug":"iosso-gunbrite","status":"publish","type":"product","link":"https:\/\/staging.nbg.eu\/pt-pt\/produto\/iosso-gunbrite\/","title":{"rendered":"Iosso GunBrite"},"content":{"rendered":"<p>\nIosso GunBrite: Solu\u00e7\u00e3o para limpeza de armas<\/p>\n<ul>\n<li>Seguro para todos os acabamentos de armas<\/li>\n<li>Remove res\u00edduos, ferrugem, manchas e descolora\u00e7\u00e3o<\/li>\n<li>Limpa an\u00e9is de cilindro dif\u00edceis<\/li>\n<li>Deixa uma camada protetora n\u00e3o oleosa<\/li>\n<li>Resiste a impress\u00f5es digitais e umidade<\/li>\n<\/ul>\n<p>Mantenha suas armas de fogo limpas com Iosso GunBrite<\/p>\n","protected":false},"excerpt":{"rendered":"<p>Iosso GunBrite: Limpa, lustra e protege armas de fogo com seguran\u00e7a.<\/p>\n","protected":false},"featured_media":102610,"template":"","meta":{"_acf_changed":false},"product_brand":[11485],"product_cat":[1904,1440],"product_tag":[],"class_list":{"0":"post-63315","1":"product","2":"type-product","3":"status-publish","4":"has-post-thumbnail","6":"product_brand-iosso","7":"product_cat-cleaners-pt-pt","8":"product_cat-maintenance-pt-pt","10":"first","11":"instock","12":"taxable","13":"shipping-taxable","14":"purchasable","15":"product-type-variable","16":"wvs-archive-product-wrapper"},"acf":[],"_links":{"self":[{"href":"https:\/\/staging.nbg.eu\/pt-pt\/wp-json\/wp\/v2\/product\/63315","targetHints":{"allow":["GET"]}}],"collection":[{"href":"https:\/\/staging.nbg.eu\/pt-pt\/wp-json\/wp\/v2\/product"}],"about":[{"href":"https:\/\/staging.nbg.eu\/pt-pt\/wp-json\/wp\/v2\/types\/product"}],"wp:featuredmedia":[{"embeddable":true,"href":"https:\/\/staging.nbg.eu\/pt-pt\/wp-json\/wp\/v2\/media\/102610"}],"wp:attachment":[{"href":"https:\/\/staging.nbg.eu\/pt-pt\/wp-json\/wp\/v2\/media?parent=63315"}],"wp:term":[{"taxonomy":"product_brand","embeddable":true,"href":"https:\/\/staging.nbg.eu\/pt-pt\/wp-json\/wp\/v2\/product_brand?post=63315"},{"taxonomy":"product_cat","embeddable":true,"href":"https:\/\/staging.nbg.eu\/pt-pt\/wp-json\/wp\/v2\/product_cat?post=63315"},{"taxonomy":"product_tag","embeddable":true,"href":"https:\/\/staging.nbg.eu\/pt-pt\/wp-json\/wp\/v2\/product_tag?post=63315"}],"curies":[{"name":"wp","href":"https:\/\/api.w.org\/{rel}","templated":true}]}}