{"id":63251,"date":"2024-01-23T19:51:36","date_gmt":"2024-09-16T13:03:19","guid":{"rendered":"https:\/\/staging.nbg.eu\/product\/iosso-sizing-lubricant-and-cleaner\/"},"modified":"2024-09-16T13:04:15","modified_gmt":"2024-09-16T13:04:15","slug":"lubrificante-e-limpador-de-dimensionamento-iosso","status":"publish","type":"product","link":"https:\/\/staging.nbg.eu\/pt-pt\/produto\/lubrificante-e-limpador-de-dimensionamento-iosso\/","title":{"rendered":"Lubrificante e Limpador de Dimensionamento Iosso"},"content":{"rendered":"<p>\nLubrificante e Limpador de Dimensionamento Iosso: Uma solu\u00e7\u00e3o de base biol\u00f3gica para dimensionamento de estojos. Este produto de 118 ml limpa e lubrifica, evitando estojos presos e aumentando a vida \u00fatil da matriz. F\u00e1cil de usar, sem res\u00edduos ou odor. Sol\u00favel em \u00e1gua, biodegrad\u00e1vel e n\u00e3o inflam\u00e1vel. Inibe corros\u00e3o e ferrugem. Basta revestir os estojos, dimensionar e depois limpar ou enxaguar antes de recarregar.<\/p>\n","protected":false},"excerpt":{"rendered":"<p>Limpador e lubrificante de base biol\u00f3gica para dimensionamento mais suave e matrizes mais duradouras.<\/p>\n","protected":false},"featured_media":107667,"template":"","meta":{"_acf_changed":false},"product_brand":[11485],"product_cat":[1904,1082],"product_tag":[],"class_list":{"0":"post-63251","1":"product","2":"type-product","3":"status-publish","4":"has-post-thumbnail","6":"product_brand-iosso","7":"product_cat-cleaners-pt-pt","8":"product_cat-reloading-pt-pt","10":"first","11":"instock","12":"taxable","13":"shipping-taxable","14":"purchasable","15":"product-type-variable","16":"wvs-archive-product-wrapper"},"acf":[],"_links":{"self":[{"href":"https:\/\/staging.nbg.eu\/pt-pt\/wp-json\/wp\/v2\/product\/63251","targetHints":{"allow":["GET"]}}],"collection":[{"href":"https:\/\/staging.nbg.eu\/pt-pt\/wp-json\/wp\/v2\/product"}],"about":[{"href":"https:\/\/staging.nbg.eu\/pt-pt\/wp-json\/wp\/v2\/types\/product"}],"wp:featuredmedia":[{"embeddable":true,"href":"https:\/\/staging.nbg.eu\/pt-pt\/wp-json\/wp\/v2\/media\/107667"}],"wp:attachment":[{"href":"https:\/\/staging.nbg.eu\/pt-pt\/wp-json\/wp\/v2\/media?parent=63251"}],"wp:term":[{"taxonomy":"product_brand","embeddable":true,"href":"https:\/\/staging.nbg.eu\/pt-pt\/wp-json\/wp\/v2\/product_brand?post=63251"},{"taxonomy":"product_cat","embeddable":true,"href":"https:\/\/staging.nbg.eu\/pt-pt\/wp-json\/wp\/v2\/product_cat?post=63251"},{"taxonomy":"product_tag","embeddable":true,"href":"https:\/\/staging.nbg.eu\/pt-pt\/wp-json\/wp\/v2\/product_tag?post=63251"}],"curies":[{"name":"wp","href":"https:\/\/api.w.org\/{rel}","templated":true}]}}