{"id":63107,"date":"2024-01-24T18:43:40","date_gmt":"2024-09-16T12:56:15","guid":{"rendered":"https:\/\/staging.nbg.eu\/product\/iosso-ar-bolt-carrier-key-tube-brush\/"},"modified":"2024-09-16T12:57:10","modified_gmt":"2024-09-16T12:57:10","slug":"escova-para-tubo-de-chave-do-carrier-do-ferrolho-ar-iosso","status":"publish","type":"product","link":"https:\/\/staging.nbg.eu\/pt-pt\/produto\/escova-para-tubo-de-chave-do-carrier-do-ferrolho-ar-iosso\/","title":{"rendered":"Escova para Tubo de Chave do Carrier do Ferrolho AR Iosso"},"content":{"rendered":"<p>\nEscova para Chave do Ferrolho AR Iosso: Ajuste preciso, remove ac\u00famulo de carbono. Use com \u00f3leo Iosso. N\u00e3o deixa res\u00edduos de fiapos. Para manuten\u00e7\u00e3o de AR.<\/p>\n","protected":false},"excerpt":{"rendered":"<p>Escova para Tubo da Chave do Transportador de Ferrolho AR Iosso: Limpe eficientemente o ac\u00famulo de carbono.<\/p>\n","protected":false},"featured_media":102291,"template":"","meta":{"_acf_changed":false},"product_brand":[11485],"product_cat":[1439,1440],"product_tag":[],"class_list":{"0":"post-63107","1":"product","2":"type-product","3":"status-publish","4":"has-post-thumbnail","6":"product_brand-iosso","7":"product_cat-brushes-pt-pt","8":"product_cat-maintenance-pt-pt","10":"first","11":"instock","12":"taxable","13":"shipping-taxable","14":"purchasable","15":"product-type-simple"},"acf":[],"_links":{"self":[{"href":"https:\/\/staging.nbg.eu\/pt-pt\/wp-json\/wp\/v2\/product\/63107","targetHints":{"allow":["GET"]}}],"collection":[{"href":"https:\/\/staging.nbg.eu\/pt-pt\/wp-json\/wp\/v2\/product"}],"about":[{"href":"https:\/\/staging.nbg.eu\/pt-pt\/wp-json\/wp\/v2\/types\/product"}],"wp:featuredmedia":[{"embeddable":true,"href":"https:\/\/staging.nbg.eu\/pt-pt\/wp-json\/wp\/v2\/media\/102291"}],"wp:attachment":[{"href":"https:\/\/staging.nbg.eu\/pt-pt\/wp-json\/wp\/v2\/media?parent=63107"}],"wp:term":[{"taxonomy":"product_brand","embeddable":true,"href":"https:\/\/staging.nbg.eu\/pt-pt\/wp-json\/wp\/v2\/product_brand?post=63107"},{"taxonomy":"product_cat","embeddable":true,"href":"https:\/\/staging.nbg.eu\/pt-pt\/wp-json\/wp\/v2\/product_cat?post=63107"},{"taxonomy":"product_tag","embeddable":true,"href":"https:\/\/staging.nbg.eu\/pt-pt\/wp-json\/wp\/v2\/product_tag?post=63107"}],"curies":[{"name":"wp","href":"https:\/\/api.w.org\/{rel}","templated":true}]}}