{"id":62957,"date":"2024-01-25T20:19:03","date_gmt":"2024-09-16T12:21:29","guid":{"rendered":"https:\/\/staging.nbg.eu\/product\/iosso-chamber-brushes-2-pack\/"},"modified":"2024-09-16T12:22:28","modified_gmt":"2024-09-16T12:22:28","slug":"escovas-para-camara-iosso-pacote-com-2","status":"publish","type":"product","link":"https:\/\/staging.nbg.eu\/pt-pt\/produto\/escovas-para-camara-iosso-pacote-com-2\/","title":{"rendered":"Escovas para C\u00e2mara Iosso Pacote com 2"},"content":{"rendered":"<p style=\"text-align: center\"><strong><span style=\"font-size: 170%\">Escovas de C\u00e2mara Iosso (2 Pacotes)<\/span><\/strong><\/p>\n<p>A primeira escova para limpar a c\u00e2mara 6.5 Creedmoor. S\u00e3o dimensionadas com toler\u00e2ncia pr\u00f3xima para limpeza precisa. Feitas de fibra azul, que \u00e9 grossa, r\u00edgida e mant\u00e9m sua forma, diferente das escovas tradicionais de lat\u00e3o e bronze. Podem ser usadas v\u00e1rias vezes antes de se desgastarem. O pacote cont\u00e9m 2 escovas. Produtos de limpeza sugeridos para uso com esta escova s\u00e3o o Limpador de Cano Iosso e o \u00d3leo de A\u00e7\u00e3o Tripla Iosso. <strong>As escovas azuis s\u00e3o uma marca registrada da Iosso Products.<\/strong><\/p>\n<table width=\"305\">\n<tbody>\n<tr>\n<td width=\"305\"><strong>Escova de C\u00e2mara AR-15 com pino 2 pacotes<\/strong><\/td>\n<\/tr>\n<tr>\n<td><strong>Escova de C\u00e2mara Grendel AR-15 6.5 2\/pacote<\/strong><\/td>\n<\/tr>\n<tr>\n<td><strong>Escova de C\u00e2mara Creedmoor 6.5 2\/pacote<\/strong><\/td>\n<\/tr>\n<tr>\n<td><strong>Escova de C\u00e2mara para Rifle AR.308 com pino 2 pacotes<\/strong><\/td>\n<\/tr>\n<\/tbody>\n<\/table>\n","protected":false},"excerpt":{"rendered":"<p><strong>Primeira escova para limpar a c\u00e2mara do 6.5 Creedmoor<\/strong><\/p>\n","protected":false},"featured_media":107690,"template":"","meta":{"_acf_changed":false},"product_brand":[11485],"product_cat":[1439,1440],"product_tag":[],"class_list":{"0":"post-62957","1":"product","2":"type-product","3":"status-publish","4":"has-post-thumbnail","6":"product_brand-iosso","7":"product_cat-brushes-pt-pt","8":"product_cat-maintenance-pt-pt","9":"pa_model-6-5-creedmoor-pt-pt-2","10":"pa_model-6-5-grendel-pt-pt","11":"pa_model-ar-308-pt-pt","12":"pa_model-ar-15-pt-pt","14":"first","15":"instock","16":"taxable","17":"shipping-taxable","18":"purchasable","19":"product-type-variable","20":"wvs-archive-product-wrapper"},"acf":[],"_links":{"self":[{"href":"https:\/\/staging.nbg.eu\/pt-pt\/wp-json\/wp\/v2\/product\/62957","targetHints":{"allow":["GET"]}}],"collection":[{"href":"https:\/\/staging.nbg.eu\/pt-pt\/wp-json\/wp\/v2\/product"}],"about":[{"href":"https:\/\/staging.nbg.eu\/pt-pt\/wp-json\/wp\/v2\/types\/product"}],"wp:featuredmedia":[{"embeddable":true,"href":"https:\/\/staging.nbg.eu\/pt-pt\/wp-json\/wp\/v2\/media\/107690"}],"wp:attachment":[{"href":"https:\/\/staging.nbg.eu\/pt-pt\/wp-json\/wp\/v2\/media?parent=62957"}],"wp:term":[{"taxonomy":"product_brand","embeddable":true,"href":"https:\/\/staging.nbg.eu\/pt-pt\/wp-json\/wp\/v2\/product_brand?post=62957"},{"taxonomy":"product_cat","embeddable":true,"href":"https:\/\/staging.nbg.eu\/pt-pt\/wp-json\/wp\/v2\/product_cat?post=62957"},{"taxonomy":"product_tag","embeddable":true,"href":"https:\/\/staging.nbg.eu\/pt-pt\/wp-json\/wp\/v2\/product_tag?post=62957"}],"curies":[{"name":"wp","href":"https:\/\/api.w.org\/{rel}","templated":true}]}}