{"id":62851,"date":"2024-01-25T20:40:36","date_gmt":"2024-09-16T12:17:35","guid":{"rendered":"https:\/\/staging.nbg.eu\/product\/iosso-shotgun-adapter-brass-8-32-to-5-16-27\/"},"modified":"2024-09-16T12:18:30","modified_gmt":"2024-09-16T12:18:30","slug":"adaptador-iosso-para-espingarda-latao-832-para-516-27","status":"publish","type":"product","link":"https:\/\/staging.nbg.eu\/pt-pt\/produto\/adaptador-iosso-para-espingarda-latao-832-para-516-27\/","title":{"rendered":"Adaptador Iosso para Espingarda lat\u00e3o 8\/32 para 5\/16-27"},"content":{"rendered":"<p>\nAdaptador Iosso para Espingarda: 8\/32 macho para 5\/16-27 f\u00eamea. Converte hastes para escovas de espingarda. Lat\u00e3o s\u00f3lido, fabricado nos EUA.<\/p>\n","protected":false},"excerpt":{"rendered":"<p>Adaptador de lat\u00e3o: macho 8\/32 para f\u00eamea 5\/16-27. Para escovas de espingarda. Fabricado nos EUA.<\/p>\n","protected":false},"featured_media":107315,"template":"","meta":{"_acf_changed":false},"product_brand":[11485],"product_cat":[1439,1967,1440],"product_tag":[],"class_list":{"0":"post-62851","1":"product","2":"type-product","3":"status-publish","4":"has-post-thumbnail","6":"product_brand-iosso","7":"product_cat-brushes-pt-pt","8":"product_cat-jags-pt-pt","9":"product_cat-maintenance-pt-pt","11":"first","12":"instock","13":"taxable","14":"shipping-taxable","15":"purchasable","16":"product-type-simple"},"acf":[],"_links":{"self":[{"href":"https:\/\/staging.nbg.eu\/pt-pt\/wp-json\/wp\/v2\/product\/62851","targetHints":{"allow":["GET"]}}],"collection":[{"href":"https:\/\/staging.nbg.eu\/pt-pt\/wp-json\/wp\/v2\/product"}],"about":[{"href":"https:\/\/staging.nbg.eu\/pt-pt\/wp-json\/wp\/v2\/types\/product"}],"wp:featuredmedia":[{"embeddable":true,"href":"https:\/\/staging.nbg.eu\/pt-pt\/wp-json\/wp\/v2\/media\/107315"}],"wp:attachment":[{"href":"https:\/\/staging.nbg.eu\/pt-pt\/wp-json\/wp\/v2\/media?parent=62851"}],"wp:term":[{"taxonomy":"product_brand","embeddable":true,"href":"https:\/\/staging.nbg.eu\/pt-pt\/wp-json\/wp\/v2\/product_brand?post=62851"},{"taxonomy":"product_cat","embeddable":true,"href":"https:\/\/staging.nbg.eu\/pt-pt\/wp-json\/wp\/v2\/product_cat?post=62851"},{"taxonomy":"product_tag","embeddable":true,"href":"https:\/\/staging.nbg.eu\/pt-pt\/wp-json\/wp\/v2\/product_tag?post=62851"}],"curies":[{"name":"wp","href":"https:\/\/api.w.org\/{rel}","templated":true}]}}