{"id":62124,"date":"2024-02-14T07:32:28","date_gmt":"2024-09-16T11:41:43","guid":{"rendered":"https:\/\/staging.nbg.eu\/product\/geissele-ssa-x-trigger-with-lightning-bow\/"},"modified":"2024-09-16T11:42:40","modified_gmt":"2024-09-16T11:42:40","slug":"gatilho-geissele-ssa-x-com-lightning-bow","status":"publish","type":"product","link":"https:\/\/staging.nbg.eu\/pt-pt\/produto\/gatilho-geissele-ssa-x-com-lightning-bow\/","title":{"rendered":"Gatilho Geissele SSA X com Lightning Bow\u00ae"},"content":{"rendered":"<div class=\"product-description\">\n<h2>Gatilho Geissele SSA X com Lightning Bow\u00ae<\/h2>\n<p>O SSA-X com tecnologia Lightning Bow\u00ae oferece controle de gatilho. Este gatilho combina:<\/p>\n<ul>\n<li>Perfil semi-curvo e largo<\/li>\n<li>Caracter\u00edsticas de gatilhos AR curvos padr\u00e3o e designs de arco plano<\/li>\n<li>Revestimento Nanoweapon para resist\u00eancia ao desgaste e corros\u00e3o<\/li>\n<li>Opera\u00e7\u00e3o com lubrifica\u00e7\u00e3o m\u00ednima<\/li>\n<\/ul>\n<p>Seguindo a tradi\u00e7\u00e3o do SSA, este gatilho classificado para servi\u00e7o oferece:<\/p>\n<ul>\n<li>Precis\u00e3o para tiros de longo alcance<\/li>\n<li>Toler\u00e2ncia para cen\u00e1rios de combate em ambientes fechados (CQB)<\/li>\n<\/ul>\n<p>O Gatilho Geissele SSA X combina inova\u00e7\u00e3o e confiabilidade para AR.<\/p>\n<\/div>\n","protected":false},"excerpt":{"rendered":"<p>Gatilho AR de engenharia de precis\u00e3o com arco h\u00edbrido para controle supremo e durabilidade.<\/p>\n","protected":false},"featured_media":62125,"template":"","meta":{"_acf_changed":false},"product_brand":[11397],"product_cat":[654,655,2114],"product_tag":[],"class_list":{"0":"post-62124","1":"product","2":"type-product","3":"status-publish","4":"has-post-thumbnail","6":"product_brand-geissele","7":"product_cat-rifle-pt-pt","8":"product_cat-rifle-parts-pt-pt","9":"product_cat-triggers-pt-pt","11":"first","12":"instock","13":"taxable","14":"shipping-taxable","15":"product-type-simple"},"acf":[],"_links":{"self":[{"href":"https:\/\/staging.nbg.eu\/pt-pt\/wp-json\/wp\/v2\/product\/62124","targetHints":{"allow":["GET"]}}],"collection":[{"href":"https:\/\/staging.nbg.eu\/pt-pt\/wp-json\/wp\/v2\/product"}],"about":[{"href":"https:\/\/staging.nbg.eu\/pt-pt\/wp-json\/wp\/v2\/types\/product"}],"wp:featuredmedia":[{"embeddable":true,"href":"https:\/\/staging.nbg.eu\/pt-pt\/wp-json\/wp\/v2\/media\/62125"}],"wp:attachment":[{"href":"https:\/\/staging.nbg.eu\/pt-pt\/wp-json\/wp\/v2\/media?parent=62124"}],"wp:term":[{"taxonomy":"product_brand","embeddable":true,"href":"https:\/\/staging.nbg.eu\/pt-pt\/wp-json\/wp\/v2\/product_brand?post=62124"},{"taxonomy":"product_cat","embeddable":true,"href":"https:\/\/staging.nbg.eu\/pt-pt\/wp-json\/wp\/v2\/product_cat?post=62124"},{"taxonomy":"product_tag","embeddable":true,"href":"https:\/\/staging.nbg.eu\/pt-pt\/wp-json\/wp\/v2\/product_tag?post=62124"}],"curies":[{"name":"wp","href":"https:\/\/api.w.org\/{rel}","templated":true}]}}