{"id":62061,"date":"2024-02-14T07:49:55","date_gmt":"2024-09-16T11:38:42","guid":{"rendered":"https:\/\/staging.nbg.eu\/product\/geissele-ssa-e-x-trigger-with-lightning-bow\/"},"modified":"2024-09-16T11:39:38","modified_gmt":"2024-09-16T11:39:38","slug":"gatilho-geissele-ssa-e-x-com-lightning-bow","status":"publish","type":"product","link":"https:\/\/staging.nbg.eu\/pt-pt\/produto\/gatilho-geissele-ssa-e-x-com-lightning-bow\/","title":{"rendered":"Gatilho Geissele SSA-E X com Lightning Bow\u00ae"},"content":{"rendered":"<div class=\"product-description\">\n<h2>Gatilho Geissele SSA-E X com Lightning Bow\u00ae<\/h2>\n<p>O SSA-E X\u2122 com Lightning Bow\u00ae oferece controle de gatilho. Este gatilho combina:<\/p>\n<ul>\n<li>Perfil semi-curvado e largo<\/li>\n<li>Revestimento Nanoweapon para durabilidade<\/li>\n<li>Primeira etapa suave e leve<\/li>\n<li>Segunda etapa precisa<\/li>\n<\/ul>\n<p>Adequado para rifles de atirador designado de precis\u00e3o, o SSA-E X\u2122 proporciona precis\u00e3o e confiabilidade. Seu design combina elementos de gatilhos curvos e retos, garantindo desempenho mesmo com lubrifica\u00e7\u00e3o m\u00ednima.<\/p>\n<\/div>\n","protected":false},"excerpt":{"rendered":"<p>Gatilho AR de precis\u00e3o com design h\u00edbrido em arco para controle e precis\u00e3o superiores.<\/p>\n","protected":false},"featured_media":62062,"template":"","meta":{"_acf_changed":false},"product_brand":[11397],"product_cat":[654,655,2114],"product_tag":[],"class_list":{"0":"post-62061","1":"product","2":"type-product","3":"status-publish","4":"has-post-thumbnail","6":"product_brand-geissele","7":"product_cat-rifle-pt-pt","8":"product_cat-rifle-parts-pt-pt","9":"product_cat-triggers-pt-pt","11":"first","12":"instock","13":"taxable","14":"shipping-taxable","15":"product-type-simple"},"acf":[],"_links":{"self":[{"href":"https:\/\/staging.nbg.eu\/pt-pt\/wp-json\/wp\/v2\/product\/62061","targetHints":{"allow":["GET"]}}],"collection":[{"href":"https:\/\/staging.nbg.eu\/pt-pt\/wp-json\/wp\/v2\/product"}],"about":[{"href":"https:\/\/staging.nbg.eu\/pt-pt\/wp-json\/wp\/v2\/types\/product"}],"wp:featuredmedia":[{"embeddable":true,"href":"https:\/\/staging.nbg.eu\/pt-pt\/wp-json\/wp\/v2\/media\/62062"}],"wp:attachment":[{"href":"https:\/\/staging.nbg.eu\/pt-pt\/wp-json\/wp\/v2\/media?parent=62061"}],"wp:term":[{"taxonomy":"product_brand","embeddable":true,"href":"https:\/\/staging.nbg.eu\/pt-pt\/wp-json\/wp\/v2\/product_brand?post=62061"},{"taxonomy":"product_cat","embeddable":true,"href":"https:\/\/staging.nbg.eu\/pt-pt\/wp-json\/wp\/v2\/product_cat?post=62061"},{"taxonomy":"product_tag","embeddable":true,"href":"https:\/\/staging.nbg.eu\/pt-pt\/wp-json\/wp\/v2\/product_tag?post=62061"}],"curies":[{"name":"wp","href":"https:\/\/api.w.org\/{rel}","templated":true}]}}