{"id":61873,"date":"2024-02-14T19:46:21","date_gmt":"2024-09-16T11:14:31","guid":{"rendered":"https:\/\/staging.nbg.eu\/product\/geissele-hk-mr-556-trigger\/"},"modified":"2024-09-16T11:15:25","modified_gmt":"2024-09-16T11:15:25","slug":"gatilho-geissele-hk-mr-556","status":"publish","type":"product","link":"https:\/\/staging.nbg.eu\/pt-pt\/produto\/gatilho-geissele-hk-mr-556\/","title":{"rendered":"Gatilho Geissele HK MR 556"},"content":{"rendered":"<h2>Gatilho Geissele HK MR 556<\/h2>\n<p>Melhore seu HK 556 ou HK 416 semi-autom\u00e1tico com o gatilho Geissele HK MR 556. Semelhante ao nosso gatilho SSA, esta atualiza\u00e7\u00e3o oferece:<\/p>\n<ul>\n<li>Precis\u00e3o melhorada<\/li>\n<li>Tra\u00e7\u00e3o mais suave<\/li>\n<li>Tiros de acompanhamento mais r\u00e1pidos<\/li>\n<li>Compat\u00edvel com HK 556 e HK 416 semi-autom\u00e1tico<\/li>\n<\/ul>\n<p>Melhore sua experi\u00eancia de tiro com o gatilho Geissele.<\/p>\n","protected":false},"excerpt":{"rendered":"<p>Gatilho de precis\u00e3o HK MR 556\/416. Desempenho semelhante ao SSA para maior precis\u00e3o.<\/p>\n","protected":false},"featured_media":61874,"template":"","meta":{"_acf_changed":false},"product_brand":[11397],"product_cat":[654,655,2114],"product_tag":[],"class_list":{"0":"post-61873","1":"product","2":"type-product","3":"status-publish","4":"has-post-thumbnail","6":"product_brand-geissele","7":"product_cat-rifle-pt-pt","8":"product_cat-rifle-parts-pt-pt","9":"product_cat-triggers-pt-pt","11":"first","12":"instock","13":"taxable","14":"shipping-taxable","15":"product-type-simple"},"acf":[],"_links":{"self":[{"href":"https:\/\/staging.nbg.eu\/pt-pt\/wp-json\/wp\/v2\/product\/61873","targetHints":{"allow":["GET"]}}],"collection":[{"href":"https:\/\/staging.nbg.eu\/pt-pt\/wp-json\/wp\/v2\/product"}],"about":[{"href":"https:\/\/staging.nbg.eu\/pt-pt\/wp-json\/wp\/v2\/types\/product"}],"wp:featuredmedia":[{"embeddable":true,"href":"https:\/\/staging.nbg.eu\/pt-pt\/wp-json\/wp\/v2\/media\/61874"}],"wp:attachment":[{"href":"https:\/\/staging.nbg.eu\/pt-pt\/wp-json\/wp\/v2\/media?parent=61873"}],"wp:term":[{"taxonomy":"product_brand","embeddable":true,"href":"https:\/\/staging.nbg.eu\/pt-pt\/wp-json\/wp\/v2\/product_brand?post=61873"},{"taxonomy":"product_cat","embeddable":true,"href":"https:\/\/staging.nbg.eu\/pt-pt\/wp-json\/wp\/v2\/product_cat?post=61873"},{"taxonomy":"product_tag","embeddable":true,"href":"https:\/\/staging.nbg.eu\/pt-pt\/wp-json\/wp\/v2\/product_tag?post=61873"}],"curies":[{"name":"wp","href":"https:\/\/api.w.org\/{rel}","templated":true}]}}