{"id":61811,"date":"2024-02-14T19:52:46","date_gmt":"2024-09-16T11:12:38","guid":{"rendered":"https:\/\/staging.nbg.eu\/product\/geissele-hk-mr-762-trigger\/"},"modified":"2024-09-16T11:13:35","modified_gmt":"2024-09-16T11:13:35","slug":"gatilho-geissele-hk-mr-762","status":"publish","type":"product","link":"https:\/\/staging.nbg.eu\/pt-pt\/produto\/gatilho-geissele-hk-mr-762\/","title":{"rendered":"Gatilho Geissele HK MR 762"},"content":{"rendered":"<div class=\"product-description\">\n<h2>Gatilho Geissele HK MR 762<\/h2>\n<p>Para uso em HK 762 ou HK 417 semi-autom\u00e1tico. O gatilho Geissele HK MR 762, semelhante ao nosso gatilho SSA, oferece:<\/p>\n<ul>\n<li>Acionamento suave<\/li>\n<li>Precis\u00e3o melhorada<\/li>\n<li>Compatibilidade com modelos HK 762 e HK 417<\/li>\n<li>Constru\u00e7\u00e3o dur\u00e1vel<\/li>\n<\/ul>\n<p>Projetado com a tecnologia de gatilhos da Geissele.<\/p>\n<\/div>\n","protected":false},"excerpt":{"rendered":"<p>Gatilho de precis\u00e3o estilo SSA para rifles HK 762 e HK 417 semiautom\u00e1ticos.<\/p>\n","protected":false},"featured_media":61812,"template":"","meta":{"_acf_changed":false},"product_brand":[11397],"product_cat":[654,655,2114],"product_tag":[],"class_list":{"0":"post-61811","1":"product","2":"type-product","3":"status-publish","4":"has-post-thumbnail","6":"product_brand-geissele","7":"product_cat-rifle-pt-pt","8":"product_cat-rifle-parts-pt-pt","9":"product_cat-triggers-pt-pt","11":"first","12":"instock","13":"taxable","14":"shipping-taxable","15":"product-type-simple"},"acf":[],"_links":{"self":[{"href":"https:\/\/staging.nbg.eu\/pt-pt\/wp-json\/wp\/v2\/product\/61811","targetHints":{"allow":["GET"]}}],"collection":[{"href":"https:\/\/staging.nbg.eu\/pt-pt\/wp-json\/wp\/v2\/product"}],"about":[{"href":"https:\/\/staging.nbg.eu\/pt-pt\/wp-json\/wp\/v2\/types\/product"}],"wp:featuredmedia":[{"embeddable":true,"href":"https:\/\/staging.nbg.eu\/pt-pt\/wp-json\/wp\/v2\/media\/61812"}],"wp:attachment":[{"href":"https:\/\/staging.nbg.eu\/pt-pt\/wp-json\/wp\/v2\/media?parent=61811"}],"wp:term":[{"taxonomy":"product_brand","embeddable":true,"href":"https:\/\/staging.nbg.eu\/pt-pt\/wp-json\/wp\/v2\/product_brand?post=61811"},{"taxonomy":"product_cat","embeddable":true,"href":"https:\/\/staging.nbg.eu\/pt-pt\/wp-json\/wp\/v2\/product_cat?post=61811"},{"taxonomy":"product_tag","embeddable":true,"href":"https:\/\/staging.nbg.eu\/pt-pt\/wp-json\/wp\/v2\/product_tag?post=61811"}],"curies":[{"name":"wp","href":"https:\/\/api.w.org\/{rel}","templated":true}]}}