{"id":61743,"date":"2024-02-14T19:58:42","date_gmt":"2024-09-16T11:07:54","guid":{"rendered":"https:\/\/staging.nbg.eu\/product\/geissele-10-5-super-modular-rail-mk16-m-lok\/"},"modified":"2024-09-16T11:08:54","modified_gmt":"2024-09-16T11:08:54","slug":"trilho-modular-super-geissele-105-mk16-m-lok","status":"publish","type":"product","link":"https:\/\/staging.nbg.eu\/pt-pt\/produto\/trilho-modular-super-geissele-105-mk16-m-lok\/","title":{"rendered":"Trilho Modular Super Geissele 10.5&#8243; MK16 M-LOK\u00ae"},"content":{"rendered":"<h2 style=\"text-align: center\"><b>Trilho Super Modular MK16 M-LOK\u00ae de 10,5\u2033<\/b><\/h2>\n<p>O Trilho Super Modular MK16 da Geissele oferece desempenho para atiradores exigentes. Montado no upper do AR-15 usando uma vers\u00e3o atualizada do design da porca de cano Geissele, o MK16 \u00e9 f\u00e1cil de instalar e manter, e oferece rigidez superior. Abas anti-rota\u00e7\u00e3o e parafusos de ajuste garantem que seu trilho n\u00e3o gire, mesmo sob condi\u00e7\u00f5es extremas de uso. <b>Trilho picatinny M1913 na parte superior e slots M-LOK\u2122<\/b> em todos os quadrantes permitem personaliza\u00e7\u00e3o m\u00e1xima para todos os seus acess\u00f3rios. O Geissele SMR MK16 \u00e9 usinado com precis\u00e3o usando <b>Alum\u00ednio da S\u00e9rie 7000<\/b> devido \u00e0s suas propriedades fortes, r\u00edgidas e leves, e \u00e9 acabado com anodiza\u00e7\u00e3o Tipo 3 Hardcoat dur\u00e1vel.<\/p>\n<p>O Trilho Super Modular de 13,5&#8243; (SMR) MK16 M-LOK\u00ae, NSN# 1005-01-672-4794 (13,5&#8243;), <b>foi adotado pelo USASOC para o programa URG-I (Upper Receiver Group Improved)<\/b>.<\/p>\n<p>&nbsp;<\/p>\n<h2 style=\"text-align: center\"><strong>ESPECIFICA\u00c7\u00d5ES<\/strong><\/h2>\n<hr \/>\n<table border=\"1\">\n<tbody>\n<tr>\n<td><strong>ALTURA: <\/strong><\/td>\n<td> 2,39&#8243;<\/td>\n<\/tr>\n<tr>\n<td><strong>COR: <\/strong><\/td>\n<td> Preto, DDC, Cinza, ODG<\/td>\n<\/tr>\n<tr>\n<td><strong>MATERIAL: <\/strong><\/td>\n<td> Alum\u00ednio S\u00e9rie 7000<\/td>\n<\/tr>\n<tr>\n<td><strong>ACABAMENTO: <\/strong><\/td>\n<td> Anodiza\u00e7\u00e3o Tipo 3 Hardcoat<\/td>\n<\/tr>\n<tr>\n<td><strong>COMPRIMENTOS DISPON\u00cdVEIS: <\/strong><\/td>\n<td> 9,3&#8243;, 10,5&#8243;, 13,5&#8243;, 15&#8243;<\/td>\n<\/tr>\n<tr>\n<td><strong>DI\u00c2METRO INTERNO: <\/strong><\/td>\n<td> 1,26&#8243;<\/td>\n<\/tr>\n<tr>\n<td><strong>DI\u00c2METRO EXTERNO (DAQ*): <\/strong><\/td>\n<td> 1,59&#8243;<\/td>\n<\/tr>\n<tr>\n<td><strong>PESO SMR MK16 9,3&#8243;: <\/strong><\/td>\n<td> 286,3g (332,8g com porca de cano)<\/td>\n<\/tr>\n<tr>\n<td><strong>PESO SMR MK16 10,5&#8243;: <\/strong><\/td>\n<td> 311,8g (357,2g com porca de cano)<\/td>\n<\/tr>\n<tr>\n<td><strong>PESO SMR MK16 13,5&#8243;: <\/strong><\/td>\n<td> 379,9g (422,4g com porca de cano)<\/td>\n<\/tr>\n<tr>\n<td><strong>PESO SMR MK16 15&#8243;: <\/strong><\/td>\n<td> 402,6g (447,9g com porca de cano)<\/td>\n<\/tr>\n<\/tbody>\n<\/table>\n<p><em>*DAQ &#8211; Dist\u00e2ncia Entre Quadrantes<\/em><\/p>\n","protected":false},"excerpt":{"rendered":"<p><strong>Desempenho Inigual\u00e1vel Para os Atiradores Mais Exigentes<\/strong><\/p>\n","protected":false},"featured_media":61744,"template":"","meta":{"_acf_changed":false},"product_brand":[11397],"product_cat":[2222,733,654,655],"product_tag":[],"class_list":{"0":"post-61743","1":"product","2":"type-product","3":"status-publish","4":"has-post-thumbnail","6":"product_brand-geissele","7":"product_cat-carbines-pt-pt","8":"product_cat-rails-pt-pt","9":"product_cat-rifle-pt-pt","10":"product_cat-rifle-parts-pt-pt","12":"first","13":"instock","14":"taxable","15":"shipping-taxable","16":"product-type-variable","17":"wvs-archive-product-wrapper"},"acf":[],"_links":{"self":[{"href":"https:\/\/staging.nbg.eu\/pt-pt\/wp-json\/wp\/v2\/product\/61743","targetHints":{"allow":["GET"]}}],"collection":[{"href":"https:\/\/staging.nbg.eu\/pt-pt\/wp-json\/wp\/v2\/product"}],"about":[{"href":"https:\/\/staging.nbg.eu\/pt-pt\/wp-json\/wp\/v2\/types\/product"}],"wp:featuredmedia":[{"embeddable":true,"href":"https:\/\/staging.nbg.eu\/pt-pt\/wp-json\/wp\/v2\/media\/61744"}],"wp:attachment":[{"href":"https:\/\/staging.nbg.eu\/pt-pt\/wp-json\/wp\/v2\/media?parent=61743"}],"wp:term":[{"taxonomy":"product_brand","embeddable":true,"href":"https:\/\/staging.nbg.eu\/pt-pt\/wp-json\/wp\/v2\/product_brand?post=61743"},{"taxonomy":"product_cat","embeddable":true,"href":"https:\/\/staging.nbg.eu\/pt-pt\/wp-json\/wp\/v2\/product_cat?post=61743"},{"taxonomy":"product_tag","embeddable":true,"href":"https:\/\/staging.nbg.eu\/pt-pt\/wp-json\/wp\/v2\/product_tag?post=61743"}],"curies":[{"name":"wp","href":"https:\/\/api.w.org\/{rel}","templated":true}]}}