{"id":61159,"date":"2024-02-14T20:33:29","date_gmt":"2024-02-14T20:33:29","guid":{"rendered":"https:\/\/staging.nbg.eu\/product\/geissele-16-super-modular-rail-mk18-m-lok\/"},"modified":"2025-10-01T16:07:09","modified_gmt":"2025-10-01T13:07:09","slug":"trilho-modular-super-geissele-16-mk18-m-lok","status":"publish","type":"product","link":"https:\/\/staging.nbg.eu\/pt-pt\/produto\/trilho-modular-super-geissele-16-mk18-m-lok\/","title":{"rendered":"Trilho Modular Super Geissele 16&#8243; MK18 M-LOK\u00ae"},"content":{"rendered":"<h2 style=\"text-align: center;\"><b>Trilho Super Modular MK18 M-LOK\u00ae de 16&#8243;<\/b><\/h2>\n<p>O MK18 \u00e9 o mais recente da linha de trilhos Super Modular da Geissele e \u00e9 feito especificamente para interface com o <b>Sistema de Libera\u00e7\u00e3o R\u00e1pida Arca-Swiss<\/b>. Este novo guarda-m\u00e3o \u00e9 baseado no Trilho Super Modular MK16 M-LOK, oferecendo um di\u00e2metro pequeno e altura total, criando um perfil estreito para atiradores de competi\u00e7\u00e3o. A base plana do MK18 possui uma forma de 35mm de largura &#8220;estilo Arca&#8221; com um encaixe de 45 graus, que permite montagem r\u00e1pida em uma base de montagem de Libera\u00e7\u00e3o R\u00e1pida Arca-Swiss, deslizando para qualquer posi\u00e7\u00e3o ao longo do trilho. O MK18 possui uma <b>porca de cano propriet\u00e1ria de 2,25&#8243; de comprimento<\/b> da Geissele que faz interface com o receptor e cria uma plataforma confi\u00e1vel e reta em todo o comprimento do trilho flutuante. O MK18 de 16&#8243; de comprimento \u00e9 usinado com precis\u00e3o em 3D usando Alum\u00ednio da S\u00e9rie 7000 devido \u00e0s suas propriedades fortes, r\u00edgidas e leves.<\/p>\n<p>Utilizando <b>tecnologia M-LOK da Magpul nos 3 quadrantes principais<\/b> (esquerda, direita e inferior), bem como nos 45\u00b0 superiores, d\u00e1 ao MK18 modularidade e capacidade de personaliza\u00e7\u00e3o sem precedentes. O trilho Super Modular MK18 \u00e9 <b>acabado em um Anodizado Tipo 3 Hardcoat dur\u00e1vel e duradouro<\/b> dispon\u00edvel em Preto ou no acabamento DDC da Geissele.<\/p>\n<p>O Trilho Super Modular MK18 da Geissele \u00e9 <b>compat\u00edvel com rifles padr\u00e3o AR15 mil-spec.<\/b><\/p>\n<h2 style=\"text-align: center;\"><strong>ESPECIFICA\u00c7\u00d5ES<\/strong><\/h2>\n<hr \/>\n<table border=\"1\">\n<tbody>\n<tr>\n<td><strong>ALTURA: <\/strong><\/td>\n<td>2,08<\/td>\n<\/tr>\n<tr>\n<td><strong>COR: <\/strong><\/td>\n<td>DDC \/ Preto<\/td>\n<\/tr>\n<tr>\n<td><strong>MATERIAL: <\/strong><\/td>\n<td>Alum\u00ednio S\u00e9rie 7000<\/td>\n<\/tr>\n<tr>\n<td><strong>ACABAMENTO: <\/strong><\/td>\n<td>Anodizado Tipo 3 Hardcoat<\/td>\n<\/tr>\n<tr>\n<td><strong>COMPRIMENTO: <\/strong><\/td>\n<td>16,5&#8243;<\/td>\n<\/tr>\n<tr>\n<td><strong>DI\u00c2METRO INTERNO: <\/strong><\/td>\n<td>1,26&#8243;<\/td>\n<\/tr>\n<tr>\n<td><strong>DI\u00c2METRO EXTERNO (DAQ*): <\/strong><\/td>\n<td>1,59&#8243;<\/td>\n<\/tr>\n<tr>\n<td><strong>PESO DO SMR MK18: <\/strong><\/td>\n<td>17oz (18,4oz com porca do cano)<\/td>\n<\/tr>\n<\/tbody>\n<\/table>\n<p>&nbsp;<\/p>\n<p><em>*DAQ &#8211; Dist\u00e2ncia Entre Quadrantes<\/em><\/p>\n","protected":false},"excerpt":{"rendered":"<p><strong>Feito para se Conectar ao Sistema de Libera\u00e7\u00e3o R\u00e1pida Arca-Swiss<\/strong><\/p>\n","protected":false},"featured_media":61160,"template":"","meta":{"_acf_changed":false},"product_brand":[11397],"product_cat":[2222,733,654,655],"product_tag":[],"class_list":{"0":"post-61159","1":"product","2":"type-product","3":"status-publish","4":"has-post-thumbnail","6":"product_brand-geissele","7":"product_cat-carbines-pt-pt","8":"product_cat-rails-pt-pt","9":"product_cat-rifle-pt-pt","10":"product_cat-rifle-parts-pt-pt","12":"first","13":"outofstock","14":"taxable","15":"shipping-taxable","16":"product-type-variable","17":"wvs-archive-product-wrapper"},"acf":[],"_links":{"self":[{"href":"https:\/\/staging.nbg.eu\/pt-pt\/wp-json\/wp\/v2\/product\/61159","targetHints":{"allow":["GET"]}}],"collection":[{"href":"https:\/\/staging.nbg.eu\/pt-pt\/wp-json\/wp\/v2\/product"}],"about":[{"href":"https:\/\/staging.nbg.eu\/pt-pt\/wp-json\/wp\/v2\/types\/product"}],"wp:featuredmedia":[{"embeddable":true,"href":"https:\/\/staging.nbg.eu\/pt-pt\/wp-json\/wp\/v2\/media\/61160"}],"wp:attachment":[{"href":"https:\/\/staging.nbg.eu\/pt-pt\/wp-json\/wp\/v2\/media?parent=61159"}],"wp:term":[{"taxonomy":"product_brand","embeddable":true,"href":"https:\/\/staging.nbg.eu\/pt-pt\/wp-json\/wp\/v2\/product_brand?post=61159"},{"taxonomy":"product_cat","embeddable":true,"href":"https:\/\/staging.nbg.eu\/pt-pt\/wp-json\/wp\/v2\/product_cat?post=61159"},{"taxonomy":"product_tag","embeddable":true,"href":"https:\/\/staging.nbg.eu\/pt-pt\/wp-json\/wp\/v2\/product_tag?post=61159"}],"curies":[{"name":"wp","href":"https:\/\/api.w.org\/{rel}","templated":true}]}}