{"id":60857,"date":"2024-02-14T20:38:31","date_gmt":"2024-09-16T10:32:20","guid":{"rendered":"https:\/\/staging.nbg.eu\/product\/alg-defense-emr-v3x-15-handguard-black\/"},"modified":"2024-09-16T10:33:14","modified_gmt":"2024-09-16T10:33:14","slug":"protetor-de-mao-alg-defense-emr-v3x-15-preto","status":"publish","type":"product","link":"https:\/\/staging.nbg.eu\/pt-pt\/produto\/protetor-de-mao-alg-defense-emr-v3x-15-preto\/","title":{"rendered":"Protetor de M\u00e3o ALG Defense EMR V3X 15&#8243; &#8211; Preto"},"content":{"rendered":"<p>O guarda-m\u00e3o ALG Defense EMR V3X 15&#8243; em preto oferece customiza\u00e7\u00e3o com seu sistema de suporte M-LOK. Monte acess\u00f3rios nas posi\u00e7\u00f5es 2, 4, 6, 8 e 10 horas. Possui um trilho picatinny M1913 em todo o comprimento na posi\u00e7\u00e3o 12 horas para fixar miras, lasers, lanternas e outras \u00f3pticas. Adequado para adaptar sua arma \u00e0s suas necessidades espec\u00edficas.<\/p>\n","protected":false},"excerpt":{"rendered":"<p>Guarda-m\u00e3o M-LOK vers\u00e1til de 15&#8243; com trilho Picatinny em todo o comprimento.<\/p>\n","protected":false},"featured_media":60858,"template":"","meta":{"_acf_changed":false},"product_brand":[11397],"product_cat":[733,654,655],"product_tag":[],"class_list":{"0":"post-60857","1":"product","2":"type-product","3":"status-publish","4":"has-post-thumbnail","6":"product_brand-geissele","7":"product_cat-rails-pt-pt","8":"product_cat-rifle-pt-pt","9":"product_cat-rifle-parts-pt-pt","11":"first","12":"instock","13":"taxable","14":"shipping-taxable","15":"product-type-simple"},"acf":[],"_links":{"self":[{"href":"https:\/\/staging.nbg.eu\/pt-pt\/wp-json\/wp\/v2\/product\/60857","targetHints":{"allow":["GET"]}}],"collection":[{"href":"https:\/\/staging.nbg.eu\/pt-pt\/wp-json\/wp\/v2\/product"}],"about":[{"href":"https:\/\/staging.nbg.eu\/pt-pt\/wp-json\/wp\/v2\/types\/product"}],"wp:featuredmedia":[{"embeddable":true,"href":"https:\/\/staging.nbg.eu\/pt-pt\/wp-json\/wp\/v2\/media\/60858"}],"wp:attachment":[{"href":"https:\/\/staging.nbg.eu\/pt-pt\/wp-json\/wp\/v2\/media?parent=60857"}],"wp:term":[{"taxonomy":"product_brand","embeddable":true,"href":"https:\/\/staging.nbg.eu\/pt-pt\/wp-json\/wp\/v2\/product_brand?post=60857"},{"taxonomy":"product_cat","embeddable":true,"href":"https:\/\/staging.nbg.eu\/pt-pt\/wp-json\/wp\/v2\/product_cat?post=60857"},{"taxonomy":"product_tag","embeddable":true,"href":"https:\/\/staging.nbg.eu\/pt-pt\/wp-json\/wp\/v2\/product_tag?post=60857"}],"curies":[{"name":"wp","href":"https:\/\/api.w.org\/{rel}","templated":true}]}}