{"id":60442,"date":"2024-02-15T07:17:14","date_gmt":"2024-02-15T07:17:14","guid":{"rendered":"https:\/\/staging.nbg.eu\/product\/geissele-super-42-rifle-length-spring\/"},"modified":"2024-09-13T16:16:53","modified_gmt":"2024-09-13T16:16:53","slug":"mola-geissele-super-42-comprimento-de-rifle","status":"publish","type":"product","link":"https:\/\/staging.nbg.eu\/pt-pt\/produto\/mola-geissele-super-42-comprimento-de-rifle\/","title":{"rendered":"Mola Geissele Super 42 Comprimento de Rifle"},"content":{"rendered":"<p>\nMelhore o desempenho do seu M-16\/AR-15 com a mola de comprimento de rifle Geissele Super 42. Seu design de tr\u00eas fios absorve energia e reduz falhas da mola. Oferece maior confiabilidade, menor som de vibra\u00e7\u00e3o e \u00e9 compat\u00edvel com buffers e tubos de comprimento padr\u00e3o para rifles. <\/p>\n","protected":false},"excerpt":{"rendered":"<p>Melhore o desempenho do AR-15 com a inovadora mola de 3 filamentos da Geissele.<\/p>\n","protected":false},"featured_media":60443,"template":"","meta":{"_acf_changed":false},"product_brand":[11397],"product_cat":[654,655,2093],"product_tag":[],"class_list":{"0":"post-60442","1":"product","2":"type-product","3":"status-publish","4":"has-post-thumbnail","6":"product_brand-geissele","7":"product_cat-rifle-pt-pt","8":"product_cat-rifle-parts-pt-pt","9":"product_cat-springs-pt-pt","11":"first","12":"instock","13":"taxable","14":"shipping-taxable","15":"product-type-simple"},"acf":[],"_links":{"self":[{"href":"https:\/\/staging.nbg.eu\/pt-pt\/wp-json\/wp\/v2\/product\/60442","targetHints":{"allow":["GET"]}}],"collection":[{"href":"https:\/\/staging.nbg.eu\/pt-pt\/wp-json\/wp\/v2\/product"}],"about":[{"href":"https:\/\/staging.nbg.eu\/pt-pt\/wp-json\/wp\/v2\/types\/product"}],"wp:featuredmedia":[{"embeddable":true,"href":"https:\/\/staging.nbg.eu\/pt-pt\/wp-json\/wp\/v2\/media\/60443"}],"wp:attachment":[{"href":"https:\/\/staging.nbg.eu\/pt-pt\/wp-json\/wp\/v2\/media?parent=60442"}],"wp:term":[{"taxonomy":"product_brand","embeddable":true,"href":"https:\/\/staging.nbg.eu\/pt-pt\/wp-json\/wp\/v2\/product_brand?post=60442"},{"taxonomy":"product_cat","embeddable":true,"href":"https:\/\/staging.nbg.eu\/pt-pt\/wp-json\/wp\/v2\/product_cat?post=60442"},{"taxonomy":"product_tag","embeddable":true,"href":"https:\/\/staging.nbg.eu\/pt-pt\/wp-json\/wp\/v2\/product_tag?post=60442"}],"curies":[{"name":"wp","href":"https:\/\/api.w.org\/{rel}","templated":true}]}}