{"id":60318,"date":"2024-02-15T07:27:09","date_gmt":"2024-09-13T16:11:08","guid":{"rendered":"https:\/\/staging.nbg.eu\/product\/geissele-super-charging-handle-sch-5-56\/"},"modified":"2024-09-13T16:12:06","modified_gmt":"2024-09-13T16:12:06","slug":"geissele-punho-de-carregamento-super-sch-556","status":"publish","type":"product","link":"https:\/\/staging.nbg.eu\/pt-pt\/produto\/geissele-punho-de-carregamento-super-sch-556\/","title":{"rendered":"Geissele Punho de Carregamento Super (SCH) 5.56"},"content":{"rendered":"<div class=\"product-description\">\n<h2>Geissele Manopla de Carregamento (SCH\u00ae) 5.56<\/h2>\n<p>Usinada com precis\u00e3o em alum\u00ednio 7075-T6, esta manopla de carregamento ambidestra apresenta:<\/p>\n<ul>\n<li>Alavancas com contorno duplo e empunhadura quadriculada<\/li>\n<li>Mitiga\u00e7\u00e3o de g\u00e1s aprimorada para sistemas suprimidos<\/li>\n<li>Acabamento anodizado Tipo 3 Hardcoat<\/li>\n<li>Dispon\u00edvel em preto e DDC<\/li>\n<\/ul>\n<p>Melhore o desempenho do seu AR-15 com ergonomia e durabilidade.<\/p>\n<\/div>\n","protected":false},"excerpt":{"rendered":"<p>Man\u00edpulo de carregamento ambidestro em alum\u00ednio 7075-T6. Design para mitiga\u00e7\u00e3o de gases.<\/p>\n","protected":false},"featured_media":60319,"template":"","meta":{"_acf_changed":false},"product_brand":[11397],"product_cat":[2072,654,655],"product_tag":[],"class_list":{"0":"post-60318","1":"product","2":"type-product","3":"status-publish","4":"has-post-thumbnail","6":"product_brand-geissele","7":"product_cat-charging-handles-pt-pt","8":"product_cat-rifle-pt-pt","9":"product_cat-rifle-parts-pt-pt","11":"first","12":"instock","13":"taxable","14":"shipping-taxable","15":"product-type-variable","16":"wvs-archive-product-wrapper"},"acf":[],"_links":{"self":[{"href":"https:\/\/staging.nbg.eu\/pt-pt\/wp-json\/wp\/v2\/product\/60318","targetHints":{"allow":["GET"]}}],"collection":[{"href":"https:\/\/staging.nbg.eu\/pt-pt\/wp-json\/wp\/v2\/product"}],"about":[{"href":"https:\/\/staging.nbg.eu\/pt-pt\/wp-json\/wp\/v2\/types\/product"}],"wp:featuredmedia":[{"embeddable":true,"href":"https:\/\/staging.nbg.eu\/pt-pt\/wp-json\/wp\/v2\/media\/60319"}],"wp:attachment":[{"href":"https:\/\/staging.nbg.eu\/pt-pt\/wp-json\/wp\/v2\/media?parent=60318"}],"wp:term":[{"taxonomy":"product_brand","embeddable":true,"href":"https:\/\/staging.nbg.eu\/pt-pt\/wp-json\/wp\/v2\/product_brand?post=60318"},{"taxonomy":"product_cat","embeddable":true,"href":"https:\/\/staging.nbg.eu\/pt-pt\/wp-json\/wp\/v2\/product_cat?post=60318"},{"taxonomy":"product_tag","embeddable":true,"href":"https:\/\/staging.nbg.eu\/pt-pt\/wp-json\/wp\/v2\/product_tag?post=60318"}],"curies":[{"name":"wp","href":"https:\/\/api.w.org\/{rel}","templated":true}]}}