{"id":60092,"date":"2024-02-15T07:54:43","date_gmt":"2024-09-13T16:09:29","guid":{"rendered":"https:\/\/staging.nbg.eu\/product\/geissele-super-charging-handle-sch-7-62\/"},"modified":"2024-09-13T16:10:26","modified_gmt":"2024-09-13T16:10:26","slug":"geissele-punho-de-carregamento-super-sch-762","status":"publish","type":"product","link":"https:\/\/staging.nbg.eu\/pt-pt\/produto\/geissele-punho-de-carregamento-super-sch-762\/","title":{"rendered":"Geissele Punho de Carregamento Super (SCH) 7.62"},"content":{"rendered":"<div class=\"product-description\">\n<h2>Manopla de carregamento Geissele Super Charging Handle (SCH\u00ae) 7.62<\/h2>\n<p>O <b>SCH\u00ae 7.62<\/b> \u00e9 uma manopla de carregamento ambidestra <u>usinada em 3D a partir de alum\u00ednio 7075-T6<\/u>. Possui alavancas de duplo contorno com superf\u00edcies texturizadas. O l\u00e1bio traseiro elevado reduz o retorno de gases. Anodizado Tipo 3, <b>dispon\u00edvel em Preto e DDC (Cor Marrom Deserto)<\/b>.<\/p>\n<p>Compat\u00edvel com a maioria dos sistemas SR25, DPMS\/LR308 e AR10. Verifique a compatibilidade com o fabricante da sua arma antes da instala\u00e7\u00e3o.<\/p>\n<p><strong>N\u00e3o compat\u00edvel com:<\/strong> HK 762, Colt 901, DPMS GII, Adams Arms .308 Patrol Rifle, Daniel Defense DD5, Sig 716, BPM Long Range Marksman .308, Smith &amp; Wesson MP-10, Bushmaster BAR-10, Rock River Arms LAR-8.<\/p>\n<\/div>\n","protected":false},"excerpt":{"rendered":"<p>Man\u00edpulo de carregamento ambidestro em alum\u00ednio 7075-T6 para rifles de calibre 7,62.<\/p>\n","protected":false},"featured_media":60093,"template":"","meta":{"_acf_changed":false},"product_brand":[11397],"product_cat":[2072,654,655],"product_tag":[],"class_list":{"0":"post-60092","1":"product","2":"type-product","3":"status-publish","4":"has-post-thumbnail","6":"product_brand-geissele","7":"product_cat-charging-handles-pt-pt","8":"product_cat-rifle-pt-pt","9":"product_cat-rifle-parts-pt-pt","11":"first","12":"instock","13":"taxable","14":"shipping-taxable","15":"product-type-variable","16":"wvs-archive-product-wrapper"},"acf":[],"_links":{"self":[{"href":"https:\/\/staging.nbg.eu\/pt-pt\/wp-json\/wp\/v2\/product\/60092","targetHints":{"allow":["GET"]}}],"collection":[{"href":"https:\/\/staging.nbg.eu\/pt-pt\/wp-json\/wp\/v2\/product"}],"about":[{"href":"https:\/\/staging.nbg.eu\/pt-pt\/wp-json\/wp\/v2\/types\/product"}],"wp:featuredmedia":[{"embeddable":true,"href":"https:\/\/staging.nbg.eu\/pt-pt\/wp-json\/wp\/v2\/media\/60093"}],"wp:attachment":[{"href":"https:\/\/staging.nbg.eu\/pt-pt\/wp-json\/wp\/v2\/media?parent=60092"}],"wp:term":[{"taxonomy":"product_brand","embeddable":true,"href":"https:\/\/staging.nbg.eu\/pt-pt\/wp-json\/wp\/v2\/product_brand?post=60092"},{"taxonomy":"product_cat","embeddable":true,"href":"https:\/\/staging.nbg.eu\/pt-pt\/wp-json\/wp\/v2\/product_cat?post=60092"},{"taxonomy":"product_tag","embeddable":true,"href":"https:\/\/staging.nbg.eu\/pt-pt\/wp-json\/wp\/v2\/product_tag?post=60092"}],"curies":[{"name":"wp","href":"https:\/\/api.w.org\/{rel}","templated":true}]}}