{"id":59902,"date":"2024-02-15T10:31:20","date_gmt":"2024-09-13T16:05:47","guid":{"rendered":"https:\/\/staging.nbg.eu\/product\/geissele-super-configurable-safety-selector-black\/"},"modified":"2024-09-13T16:06:41","modified_gmt":"2024-09-13T16:06:41","slug":"geissele-seletor-de-seguranca-super-configuravel-preto","status":"publish","type":"product","link":"https:\/\/staging.nbg.eu\/pt-pt\/produto\/geissele-seletor-de-seguranca-super-configuravel-preto\/","title":{"rendered":"Geissele Seletor de Seguranca Super Configuravel &#8211; Preto"},"content":{"rendered":"<div class=\"product-description\">\n<h2>Seletor de Seguran\u00e7a Configur\u00e1vel Geissele &#8211; Preto<\/h2>\n<p>Atualize sua carabina com este seletor de seguran\u00e7a ambidestro. Possui alavancas intercambi\u00e1veis para conforto e opera\u00e7\u00e3o personalizados. O design com \u00eambolo de mola evita perdas durante a limpeza. O cano de a\u00e7o inoxid\u00e1vel resiste \u00e0 corros\u00e3o. Para melhorar a seguran\u00e7a e usabilidade da sua arma de fogo.<\/p>\n<\/div>\n","protected":false},"excerpt":{"rendered":"<p>Seletor de seguran\u00e7a ambidestro e configur\u00e1vel para AR-15. A\u00e7o dur\u00e1vel.<\/p>\n","protected":false},"featured_media":59903,"template":"","meta":{"_acf_changed":false},"product_brand":[11397],"product_cat":[654,655],"product_tag":[],"class_list":{"0":"post-59902","1":"product","2":"type-product","3":"status-publish","4":"has-post-thumbnail","6":"product_brand-geissele","7":"product_cat-rifle-pt-pt","8":"product_cat-rifle-parts-pt-pt","10":"first","11":"instock","12":"taxable","13":"shipping-taxable","14":"product-type-simple"},"acf":[],"_links":{"self":[{"href":"https:\/\/staging.nbg.eu\/pt-pt\/wp-json\/wp\/v2\/product\/59902","targetHints":{"allow":["GET"]}}],"collection":[{"href":"https:\/\/staging.nbg.eu\/pt-pt\/wp-json\/wp\/v2\/product"}],"about":[{"href":"https:\/\/staging.nbg.eu\/pt-pt\/wp-json\/wp\/v2\/types\/product"}],"wp:featuredmedia":[{"embeddable":true,"href":"https:\/\/staging.nbg.eu\/pt-pt\/wp-json\/wp\/v2\/media\/59903"}],"wp:attachment":[{"href":"https:\/\/staging.nbg.eu\/pt-pt\/wp-json\/wp\/v2\/media?parent=59902"}],"wp:term":[{"taxonomy":"product_brand","embeddable":true,"href":"https:\/\/staging.nbg.eu\/pt-pt\/wp-json\/wp\/v2\/product_brand?post=59902"},{"taxonomy":"product_cat","embeddable":true,"href":"https:\/\/staging.nbg.eu\/pt-pt\/wp-json\/wp\/v2\/product_cat?post=59902"},{"taxonomy":"product_tag","embeddable":true,"href":"https:\/\/staging.nbg.eu\/pt-pt\/wp-json\/wp\/v2\/product_tag?post=59902"}],"curies":[{"name":"wp","href":"https:\/\/api.w.org\/{rel}","templated":true}]}}