{"id":59776,"date":"2024-02-15T10:48:43","date_gmt":"2024-09-13T16:02:09","guid":{"rendered":"https:\/\/staging.nbg.eu\/product\/geissele-maritime-bolt-catch\/"},"modified":"2024-09-13T16:03:03","modified_gmt":"2024-09-13T16:03:03","slug":"geissele-trava-de-ferrolho-maritima","status":"publish","type":"product","link":"https:\/\/staging.nbg.eu\/pt-pt\/produto\/geissele-trava-de-ferrolho-maritima\/","title":{"rendered":"Geissele Trava de Ferrolho Maritima"},"content":{"rendered":"<p>\nO Geissele Maritime Bolt Catch melhora a funcionalidade do seu AR-15:<\/p>\n<ul>\n<li>Compat\u00edvel com receptores inferiores M16\/M4 de especifica\u00e7\u00e3o militar<\/li>\n<li>\u00c1rea de superf\u00edcie aumentada para opera\u00e7\u00e3o mais f\u00e1cil<\/li>\n<li>Controles estendidos para atiradores canhotos<\/li>\n<li>Textura em xadrez para melhor ader\u00eancia<\/li>\n<li>Adequado para uso com luvas ou em condi\u00e7\u00f5es de pouca luz<\/li>\n<\/ul>\n<p>Atualize seu rifle com este retentor de ferrolho.<\/p>\n","protected":false},"excerpt":{"rendered":"<p>Retentor de ferrolho aprimorado com superf\u00edcie maior para facilitar a opera\u00e7\u00e3o.<\/p>\n","protected":false},"featured_media":59777,"template":"","meta":{"_acf_changed":false},"product_brand":[11397],"product_cat":[654,655],"product_tag":[],"class_list":{"0":"post-59776","1":"product","2":"type-product","3":"status-publish","4":"has-post-thumbnail","6":"product_brand-geissele","7":"product_cat-rifle-pt-pt","8":"product_cat-rifle-parts-pt-pt","10":"first","11":"instock","12":"taxable","13":"shipping-taxable","14":"product-type-simple"},"acf":[],"_links":{"self":[{"href":"https:\/\/staging.nbg.eu\/pt-pt\/wp-json\/wp\/v2\/product\/59776","targetHints":{"allow":["GET"]}}],"collection":[{"href":"https:\/\/staging.nbg.eu\/pt-pt\/wp-json\/wp\/v2\/product"}],"about":[{"href":"https:\/\/staging.nbg.eu\/pt-pt\/wp-json\/wp\/v2\/types\/product"}],"wp:featuredmedia":[{"embeddable":true,"href":"https:\/\/staging.nbg.eu\/pt-pt\/wp-json\/wp\/v2\/media\/59777"}],"wp:attachment":[{"href":"https:\/\/staging.nbg.eu\/pt-pt\/wp-json\/wp\/v2\/media?parent=59776"}],"wp:term":[{"taxonomy":"product_brand","embeddable":true,"href":"https:\/\/staging.nbg.eu\/pt-pt\/wp-json\/wp\/v2\/product_brand?post=59776"},{"taxonomy":"product_cat","embeddable":true,"href":"https:\/\/staging.nbg.eu\/pt-pt\/wp-json\/wp\/v2\/product_cat?post=59776"},{"taxonomy":"product_tag","embeddable":true,"href":"https:\/\/staging.nbg.eu\/pt-pt\/wp-json\/wp\/v2\/product_tag?post=59776"}],"curies":[{"name":"wp","href":"https:\/\/api.w.org\/{rel}","templated":true}]}}