{"id":59278,"date":"2024-02-15T11:15:35","date_gmt":"2024-09-13T15:20:34","guid":{"rendered":"https:\/\/staging.nbg.eu\/product\/geissele-rail-panels-black-ddc\/"},"modified":"2024-09-13T15:21:33","modified_gmt":"2024-09-13T15:21:33","slug":"geissele-paineis-para-trilho-pretoddc","status":"publish","type":"product","link":"https:\/\/staging.nbg.eu\/pt-pt\/produto\/geissele-paineis-para-trilho-pretoddc\/","title":{"rendered":"Geissele Paineis para Trilho (Preto\/DDC)"},"content":{"rendered":"<div class=\"product-description\">\n<h2>Pain\u00e9is de trilho M-Lok Geissele (Preto\/DDC)<\/h2>\n<p>Pain\u00e9is M-Lok para trilho URGI da Geissele. Caracter\u00edsticas:<\/p>\n<ul>\n<li>Textura para melhor ader\u00eancia<\/li>\n<li>Constru\u00e7\u00e3o em pol\u00edmero de grau militar<\/li>\n<li>Durabilidade em uso intenso<\/li>\n<li>Propriedades de prote\u00e7\u00e3o contra calor<\/li>\n<li>Dispon\u00edvel em Preto e DDC<\/li>\n<\/ul>\n<p>Melhore o manuseio e proteja suas m\u00e3os com estes pain\u00e9is de trilho.<\/p>\n<\/div>\n","protected":false},"excerpt":{"rendered":"<p>Pain\u00e9is de trilho M-LOK texturizados e dur\u00e1veis para melhor ader\u00eancia e prote\u00e7\u00e3o contra o calor.<\/p>\n","protected":false},"featured_media":59279,"template":"","meta":{"_acf_changed":false},"product_brand":[11397],"product_cat":[733,654],"product_tag":[],"class_list":{"0":"post-59278","1":"product","2":"type-product","3":"status-publish","4":"has-post-thumbnail","6":"product_brand-geissele","7":"product_cat-rails-pt-pt","8":"product_cat-rifle-pt-pt","10":"first","11":"instock","12":"taxable","13":"shipping-taxable","14":"product-type-variable","15":"wvs-archive-product-wrapper"},"acf":[],"_links":{"self":[{"href":"https:\/\/staging.nbg.eu\/pt-pt\/wp-json\/wp\/v2\/product\/59278","targetHints":{"allow":["GET"]}}],"collection":[{"href":"https:\/\/staging.nbg.eu\/pt-pt\/wp-json\/wp\/v2\/product"}],"about":[{"href":"https:\/\/staging.nbg.eu\/pt-pt\/wp-json\/wp\/v2\/types\/product"}],"wp:featuredmedia":[{"embeddable":true,"href":"https:\/\/staging.nbg.eu\/pt-pt\/wp-json\/wp\/v2\/media\/59279"}],"wp:attachment":[{"href":"https:\/\/staging.nbg.eu\/pt-pt\/wp-json\/wp\/v2\/media?parent=59278"}],"wp:term":[{"taxonomy":"product_brand","embeddable":true,"href":"https:\/\/staging.nbg.eu\/pt-pt\/wp-json\/wp\/v2\/product_brand?post=59278"},{"taxonomy":"product_cat","embeddable":true,"href":"https:\/\/staging.nbg.eu\/pt-pt\/wp-json\/wp\/v2\/product_cat?post=59278"},{"taxonomy":"product_tag","embeddable":true,"href":"https:\/\/staging.nbg.eu\/pt-pt\/wp-json\/wp\/v2\/product_tag?post=59278"}],"curies":[{"name":"wp","href":"https:\/\/api.w.org\/{rel}","templated":true}]}}