{"id":58870,"date":"2024-02-15T19:41:39","date_gmt":"2024-09-13T15:17:39","guid":{"rendered":"https:\/\/staging.nbg.eu\/product\/geissele-super-gas-block-black\/"},"modified":"2024-09-13T15:18:34","modified_gmt":"2024-09-13T15:18:34","slug":"geissele-bloco-de-gas-super-preto","status":"publish","type":"product","link":"https:\/\/staging.nbg.eu\/pt-pt\/produto\/geissele-bloco-de-gas-super-preto\/","title":{"rendered":"Geissele Bloco de Gas Super &#8211; Preto"},"content":{"rendered":"<div class=\"product-description\">\n<h2>Bloco de G\u00e1s Geissele Super &#8211; Preto<\/h2>\n<p>O Bloco de G\u00e1s Geissele Super \u00e9 um componente de baixo perfil, projetado para se encaixar sob a maioria dos guarda-m\u00e3os flutuantes. Fabricado em a\u00e7o inoxid\u00e1vel 17-4 com endurecimento por precipita\u00e7\u00e3o, este bloco de g\u00e1s oferece resist\u00eancia \u00e0 corros\u00e3o e durabilidade.<\/p>\n<ul>\n<li>Suporta milhares de disparos<\/li>\n<li>Inclui parafuso de ajuste padr\u00e3o e m\u00e9todos de instala\u00e7\u00e3o seguros<\/li>\n<li>Pino em espiral trava o bloco de g\u00e1s no lugar para estabilidade<\/li>\n<li>Pino de a\u00e7o inoxid\u00e1vel garante alinhamento com canos Geissele CHF<\/li>\n<\/ul>\n<p>O Bloco de G\u00e1s Geissele Super \u00e9 projetado para funcionar em v\u00e1rias condi\u00e7\u00f5es operacionais.<\/p>\n<\/div>\n","protected":false},"excerpt":{"rendered":"<p>Bloco de g\u00e1s em a\u00e7o inoxid\u00e1vel dur\u00e1vel e de baixo perfil para rifles AR-15.<\/p>\n","protected":false},"featured_media":58871,"template":"","meta":{"_acf_changed":false},"product_brand":[11397],"product_cat":[654,655],"product_tag":[],"class_list":{"0":"post-58870","1":"product","2":"type-product","3":"status-publish","4":"has-post-thumbnail","6":"product_brand-geissele","7":"product_cat-rifle-pt-pt","8":"product_cat-rifle-parts-pt-pt","10":"first","11":"instock","12":"taxable","13":"shipping-taxable","14":"product-type-simple"},"acf":[],"_links":{"self":[{"href":"https:\/\/staging.nbg.eu\/pt-pt\/wp-json\/wp\/v2\/product\/58870","targetHints":{"allow":["GET"]}}],"collection":[{"href":"https:\/\/staging.nbg.eu\/pt-pt\/wp-json\/wp\/v2\/product"}],"about":[{"href":"https:\/\/staging.nbg.eu\/pt-pt\/wp-json\/wp\/v2\/types\/product"}],"wp:featuredmedia":[{"embeddable":true,"href":"https:\/\/staging.nbg.eu\/pt-pt\/wp-json\/wp\/v2\/media\/58871"}],"wp:attachment":[{"href":"https:\/\/staging.nbg.eu\/pt-pt\/wp-json\/wp\/v2\/media?parent=58870"}],"wp:term":[{"taxonomy":"product_brand","embeddable":true,"href":"https:\/\/staging.nbg.eu\/pt-pt\/wp-json\/wp\/v2\/product_brand?post=58870"},{"taxonomy":"product_cat","embeddable":true,"href":"https:\/\/staging.nbg.eu\/pt-pt\/wp-json\/wp\/v2\/product_cat?post=58870"},{"taxonomy":"product_tag","embeddable":true,"href":"https:\/\/staging.nbg.eu\/pt-pt\/wp-json\/wp\/v2\/product_tag?post=58870"}],"curies":[{"name":"wp","href":"https:\/\/api.w.org\/{rel}","templated":true}]}}