{"id":584428,"date":"2025-09-05T18:16:13","date_gmt":"2025-09-05T15:16:13","guid":{"rendered":"https:\/\/staging.nbg.eu\/product\/mak-viper-fts-left\/"},"modified":"2025-10-16T16:00:55","modified_gmt":"2025-10-16T13:00:55","slug":"mak-viper-fts-esquerdo","status":"publish","type":"product","link":"https:\/\/staging.nbg.eu\/pt-pt\/produto\/mak-viper-fts-esquerdo\/","title":{"rendered":"MAK Viper FTS Esquerdo"},"content":{"rendered":"<div class=\"product-description\">\n<h2>MAK Viper FTS Esquerdo<\/h2>\n<p>O MAK Viper FTS Esquerdo \u00e9 um suporte para mira telesc\u00f3pica projetado para atiradores canhotos. Este suporte inclui:<\/p>\n<ul>\n<li>Constru\u00e7\u00e3o em alum\u00ednio para for\u00e7a e leveza<\/li>\n<li>Sistema de Torque Fixo (FTS) para montagem consistente e repet\u00edvel<\/li>\n<li>Alavanca de libera\u00e7\u00e3o r\u00e1pida para f\u00e1cil remo\u00e7\u00e3o e remontagem da mira<\/li>\n<li>Configura\u00e7\u00e3o para canhotos<\/li>\n<li>Compat\u00edvel com trilhos Picatinny e Weaver<\/li>\n<li>Dispon\u00edvel em v\u00e1rios tamanhos de anel para acomodar diferentes di\u00e2metros de mira<\/li>\n<\/ul>\n<p>O MAK Viper FTS Esquerdo proporciona estabilidade e mant\u00e9m o zero, mesmo sob recuo forte. Este suporte de mira \u00e9 projetado para atiradores canhotos.<\/p>\n<\/div>\n","protected":false},"excerpt":{"rendered":"<p>MAK Viper FTS Esquerda: Mira t\u00e1tica de precis\u00e3o para atiradores canhotos.<\/p>\n","protected":false},"featured_media":0,"template":"","meta":{"_acf_changed":false},"product_brand":[],"product_cat":[499],"product_tag":[],"class_list":{"0":"post-584428","1":"product","2":"type-product","3":"status-publish","5":"product_cat-uncategorized-pt-pt","7":"first","8":"instock","9":"taxable","10":"shipping-taxable","11":"purchasable","12":"product-type-simple"},"acf":[],"_links":{"self":[{"href":"https:\/\/staging.nbg.eu\/pt-pt\/wp-json\/wp\/v2\/product\/584428","targetHints":{"allow":["GET"]}}],"collection":[{"href":"https:\/\/staging.nbg.eu\/pt-pt\/wp-json\/wp\/v2\/product"}],"about":[{"href":"https:\/\/staging.nbg.eu\/pt-pt\/wp-json\/wp\/v2\/types\/product"}],"wp:attachment":[{"href":"https:\/\/staging.nbg.eu\/pt-pt\/wp-json\/wp\/v2\/media?parent=584428"}],"wp:term":[{"taxonomy":"product_brand","embeddable":true,"href":"https:\/\/staging.nbg.eu\/pt-pt\/wp-json\/wp\/v2\/product_brand?post=584428"},{"taxonomy":"product_cat","embeddable":true,"href":"https:\/\/staging.nbg.eu\/pt-pt\/wp-json\/wp\/v2\/product_cat?post=584428"},{"taxonomy":"product_tag","embeddable":true,"href":"https:\/\/staging.nbg.eu\/pt-pt\/wp-json\/wp\/v2\/product_tag?post=584428"}],"curies":[{"name":"wp","href":"https:\/\/api.w.org\/{rel}","templated":true}]}}