{"id":583494,"date":"2025-10-08T23:38:14","date_gmt":"2025-10-08T20:38:14","guid":{"rendered":"https:\/\/staging.nbg.eu\/product\/bipod-harris-s-brm-notch-rotate-6-9\/"},"modified":"2025-10-16T14:45:38","modified_gmt":"2025-10-16T11:45:38","slug":"bipe-harris-s-brm-notch-rotate-6-9","status":"publish","type":"product","link":"https:\/\/staging.nbg.eu\/pt-pt\/produto\/bipe-harris-s-brm-notch-rotate-6-9\/","title":{"rendered":"Bip\u00e9 Harris &#8211; S &#8211; BRM Notch Rotate 6-9&#8243;"},"content":{"rendered":"<div class=\"product-description\">\n<h2>Bip\u00e9 Girat\u00f3rio Harris 6&#8243; &#8211; 9&#8243; com Entalhes nas Pernas BRM-S<\/h2>\n<p>O Bip\u00e9 Girat\u00f3rio Harris 6&#8243; &#8211; 9&#8243; (BRM-S) oferece:<\/p>\n<ul>\n<li>Pernas ajust\u00e1veis de 6&#8243; a 9&#8243;<\/li>\n<li>Apoio de bancada<\/li>\n<li>Capacidade girat\u00f3ria para terrenos irregulares<\/li>\n<li>Entalhes nas pernas para ajuste preciso de altura<\/li>\n<\/ul>\n<p>Com uma largura fechada de 2 3\/4&#8243; e uma largura aberta de 7 1\/4&#8243;, este bip\u00e9 de 8 oz. \u00e9 adequado para v\u00e1rias posi\u00e7\u00f5es de tiro. O bip\u00e9 Harris BRM-S \u00e9 um acess\u00f3rio para ca\u00e7adores e atiradores competitivos.<\/p>\n<p>SKU: Harris-BRM-S | UPC: 051156113090 | MPN: S-BRM<\/p>\n<\/div>\n","protected":false},"excerpt":{"rendered":"<p>Bip\u00e9 girat\u00f3rio ajust\u00e1vel de 15-23 cm com pernas entalhadas. Pronto para uso em bancada.<\/p>\n","protected":false},"featured_media":583528,"template":"","meta":{"_acf_changed":false},"product_brand":[12025],"product_cat":[2961],"product_tag":[],"class_list":{"0":"post-583494","1":"product","2":"type-product","3":"status-publish","4":"has-post-thumbnail","6":"product_brand-harris-bipods","7":"product_cat-bipods-pt-pt","9":"first","10":"outofstock","11":"taxable","12":"shipping-taxable","13":"purchasable","14":"product-type-simple"},"acf":[],"_links":{"self":[{"href":"https:\/\/staging.nbg.eu\/pt-pt\/wp-json\/wp\/v2\/product\/583494","targetHints":{"allow":["GET"]}}],"collection":[{"href":"https:\/\/staging.nbg.eu\/pt-pt\/wp-json\/wp\/v2\/product"}],"about":[{"href":"https:\/\/staging.nbg.eu\/pt-pt\/wp-json\/wp\/v2\/types\/product"}],"wp:featuredmedia":[{"embeddable":true,"href":"https:\/\/staging.nbg.eu\/pt-pt\/wp-json\/wp\/v2\/media\/583528"}],"wp:attachment":[{"href":"https:\/\/staging.nbg.eu\/pt-pt\/wp-json\/wp\/v2\/media?parent=583494"}],"wp:term":[{"taxonomy":"product_brand","embeddable":true,"href":"https:\/\/staging.nbg.eu\/pt-pt\/wp-json\/wp\/v2\/product_brand?post=583494"},{"taxonomy":"product_cat","embeddable":true,"href":"https:\/\/staging.nbg.eu\/pt-pt\/wp-json\/wp\/v2\/product_cat?post=583494"},{"taxonomy":"product_tag","embeddable":true,"href":"https:\/\/staging.nbg.eu\/pt-pt\/wp-json\/wp\/v2\/product_tag?post=583494"}],"curies":[{"name":"wp","href":"https:\/\/api.w.org\/{rel}","templated":true}]}}