{"id":581268,"date":"2025-10-10T18:09:52","date_gmt":"2025-10-10T15:09:52","guid":{"rendered":"https:\/\/staging.nbg.eu\/product\/jack-556x45mm-223-rem-polymer\/"},"modified":"2025-10-17T17:31:23","modified_gmt":"2025-10-17T14:31:23","slug":"jack-556x45mm223-rem-polimero","status":"publish","type":"product","link":"https:\/\/staging.nbg.eu\/pt-pt\/produto\/jack-556x45mm223-rem-polimero\/","title":{"rendered":"Jack 5,56x45mm\/.223 REM Polimero"},"content":{"rendered":"<div class=\"product-description\">\n<h2>Jack 5,56x45mm\/.223 REM Pol\u00edmero<\/h2>\n<p>O Jack 5,56x45mm\/.223 REM Pol\u00edmero \u00e9 um rifle moderno que combina engenharia, materiais avan\u00e7ados e design ergon\u00f4mico.<\/p>\n<h2>Caracter\u00edsticas Principais:<\/h2>\n<ul>\n<li>Calibre: 5.56x45mm \/.223 Rem<\/li>\n<li>Comprimento do cano: 415mm<\/li>\n<li>Passo do raiamento: 1:8<\/li>\n<li>Rosca da sa\u00edda: 14\u00d71 esquerda<\/li>\n<li>Peso vazio: 3,1kg (descarregado)<\/li>\n<li>Velocidade de sa\u00edda do proj\u00e9til: 920 m\/s<\/li>\n<li>Opera\u00e7\u00e3o: Ferrolho rotativo<\/li>\n<li>Tipo: Semiautom\u00e1tico<\/li>\n<\/ul>\n<h2>Design:<\/h2>\n<ul>\n<li>Trilho lateral fresado para instala\u00e7\u00e3o de \u00f3pticas<\/li>\n<li>Trilho rebitado \u00e0 c\u00e2mara de bloqueio<\/li>\n<li>Corpo em pol\u00edmero<\/li>\n<li>Coronha ergon\u00f4mica em pol\u00edmero<\/li>\n<li>Revestimento do tubo de g\u00e1s em pol\u00edmero<\/li>\n<li>Seletor de tiro aumentado<\/li>\n<li>Libera\u00e7\u00e3o do carregador aumentada<\/li>\n<li>Trilho inferior (rabo de andorinha) para montagem de acess\u00f3rios<\/li>\n<\/ul>\n<p>O Jack 5,56x45mm\/.223 REM Pol\u00edmero \u00e9 um rifle que combina confiabilidade, precis\u00e3o e design moderno.<\/p>\n<\/div>\n","protected":false},"excerpt":{"rendered":"<p>Rifle compacto e leve de 5,56mm com componentes polim\u00e9ricos. Semiautom\u00e1tico. Personaliz\u00e1vel com trilho para \u00f3ptica.<\/p>\n","protected":false},"featured_media":581352,"template":"","meta":{"_acf_changed":false},"product_brand":[],"product_cat":[2222,654],"product_tag":[],"class_list":{"0":"post-581268","1":"product","2":"type-product","3":"status-publish","4":"has-post-thumbnail","6":"product_cat-carbines-pt-pt","7":"product_cat-rifle-pt-pt","9":"first","10":"outofstock","11":"taxable","12":"shipping-taxable","13":"product-type-simple"},"acf":[],"_links":{"self":[{"href":"https:\/\/staging.nbg.eu\/pt-pt\/wp-json\/wp\/v2\/product\/581268","targetHints":{"allow":["GET"]}}],"collection":[{"href":"https:\/\/staging.nbg.eu\/pt-pt\/wp-json\/wp\/v2\/product"}],"about":[{"href":"https:\/\/staging.nbg.eu\/pt-pt\/wp-json\/wp\/v2\/types\/product"}],"wp:featuredmedia":[{"embeddable":true,"href":"https:\/\/staging.nbg.eu\/pt-pt\/wp-json\/wp\/v2\/media\/581352"}],"wp:attachment":[{"href":"https:\/\/staging.nbg.eu\/pt-pt\/wp-json\/wp\/v2\/media?parent=581268"}],"wp:term":[{"taxonomy":"product_brand","embeddable":true,"href":"https:\/\/staging.nbg.eu\/pt-pt\/wp-json\/wp\/v2\/product_brand?post=581268"},{"taxonomy":"product_cat","embeddable":true,"href":"https:\/\/staging.nbg.eu\/pt-pt\/wp-json\/wp\/v2\/product_cat?post=581268"},{"taxonomy":"product_tag","embeddable":true,"href":"https:\/\/staging.nbg.eu\/pt-pt\/wp-json\/wp\/v2\/product_tag?post=581268"}],"curies":[{"name":"wp","href":"https:\/\/api.w.org\/{rel}","templated":true}]}}