{"id":58026,"date":"2024-02-20T19:33:36","date_gmt":"2024-09-13T14:53:45","guid":{"rendered":"https:\/\/staging.nbg.eu\/product\/geissele-super-precision-compm5s-series-optic-mounts-black-1-93\/"},"modified":"2024-09-13T14:54:42","modified_gmt":"2024-09-13T14:54:42","slug":"geissele-super-precision-montagens-para-otica-serie-compm5s-preto-193","status":"publish","type":"product","link":"https:\/\/staging.nbg.eu\/pt-pt\/produto\/geissele-super-precision-montagens-para-otica-serie-compm5s-preto-193\/","title":{"rendered":"Geissele Super Precision &#8211; Montagens para Otica Serie CompM5s, Preto (1.93&#8243;)"},"content":{"rendered":"<div class=\"product-description\">\n<h2>Geissele Super Precision\u00ae &#8211; Suportes para Miras \u00d3pticas S\u00e9rie CompM5s, Preto (1,93&#8243;)<\/h2>\n<p>O Suporte para Mira \u00d3ptica Geissele Super Precision\u00ae S\u00e9rie CompM5s \u00e9 projetado para o Aimpoint CompM5s e miras \u00f3pticas similares, oferecendo precis\u00e3o e durabilidade.<\/p>\n<ul>\n<li>Usinado com precis\u00e3o a partir de uma \u00fanica pe\u00e7a de alum\u00ednio 7075-T6 de alta resist\u00eancia<\/li>\n<li>Op\u00e7\u00e3o de altura de 1,93&#8243; para alinhamento de mira<\/li>\n<li>M\u00e9todo de fixa\u00e7\u00e3o com porca e parafuso com for\u00e7a de aperto de 1.400 lbs<\/li>\n<li>3 pontos de fixa\u00e7\u00e3o para rigidez m\u00e1xima e retorno \u00e0 zero<\/li>\n<li>Acabamento anodizado Tipo 3 Hardcoat preto<\/li>\n<\/ul>\n<p>Este suporte para mira \u00f3ptica oferece confiabilidade e desempenho.<\/p>\n<\/div>\n","protected":false},"excerpt":{"rendered":"<p>Suporte usinado com precis\u00e3o para Aimpoint CompM5s, ultra-seguro e dur\u00e1vel.<\/p>\n","protected":false},"featured_media":58027,"template":"","meta":{"_acf_changed":false},"product_brand":[11397],"product_cat":[654],"product_tag":[],"class_list":{"0":"post-58026","1":"product","2":"type-product","3":"status-publish","4":"has-post-thumbnail","6":"product_brand-geissele","7":"product_cat-rifle-pt-pt","9":"first","10":"instock","11":"taxable","12":"shipping-taxable","13":"product-type-simple"},"acf":[],"_links":{"self":[{"href":"https:\/\/staging.nbg.eu\/pt-pt\/wp-json\/wp\/v2\/product\/58026","targetHints":{"allow":["GET"]}}],"collection":[{"href":"https:\/\/staging.nbg.eu\/pt-pt\/wp-json\/wp\/v2\/product"}],"about":[{"href":"https:\/\/staging.nbg.eu\/pt-pt\/wp-json\/wp\/v2\/types\/product"}],"wp:featuredmedia":[{"embeddable":true,"href":"https:\/\/staging.nbg.eu\/pt-pt\/wp-json\/wp\/v2\/media\/58027"}],"wp:attachment":[{"href":"https:\/\/staging.nbg.eu\/pt-pt\/wp-json\/wp\/v2\/media?parent=58026"}],"wp:term":[{"taxonomy":"product_brand","embeddable":true,"href":"https:\/\/staging.nbg.eu\/pt-pt\/wp-json\/wp\/v2\/product_brand?post=58026"},{"taxonomy":"product_cat","embeddable":true,"href":"https:\/\/staging.nbg.eu\/pt-pt\/wp-json\/wp\/v2\/product_cat?post=58026"},{"taxonomy":"product_tag","embeddable":true,"href":"https:\/\/staging.nbg.eu\/pt-pt\/wp-json\/wp\/v2\/product_tag?post=58026"}],"curies":[{"name":"wp","href":"https:\/\/api.w.org\/{rel}","templated":true}]}}