{"id":576873,"date":"2025-10-10T16:06:53","date_gmt":"2025-10-10T13:06:53","guid":{"rendered":"https:\/\/staging.nbg.eu\/product\/polymer-magazine-545x39-mm-fo-akm-rifles-30-rounds\/"},"modified":"2025-10-15T12:16:08","modified_gmt":"2025-10-15T09:16:08","slug":"carregador-polimero-545x39-mm-para-rifles-akm-30-cartuchos","status":"publish","type":"product","link":"https:\/\/staging.nbg.eu\/pt-pt\/produto\/carregador-polimero-545x39-mm-para-rifles-akm-30-cartuchos\/","title":{"rendered":"Carregador polimero 5,45&#215;39 mm para rifles AKM 30 cartuchos"},"content":{"rendered":"<div class=\"product-description\">\n<h2>Carregador de Pol\u00edmero para AK 5,45&#215;39 mm &#8211; 30 Tiros<\/h2>\n<h2>Carregador Semi-Transparente WBP Rog\u00f3w<\/h2>\n<p>Carregador de pol\u00edmero da WBP Rog\u00f3w para rifles AK-74 ou Tantal. Projetado para muni\u00e7\u00e3o de calibre 5,45&#215;39 mm, este carregador de 30 tiros \u00e9 confi\u00e1vel.<\/p>\n<h3>Caracter\u00edsticas Principais:<\/h3>\n<ul>\n<li>Constru\u00e7\u00e3o em pol\u00edmero resistente<\/li>\n<li>Corpo semi-transparente para verifica\u00e7\u00e3o r\u00e1pida da muni\u00e7\u00e3o<\/li>\n<li>Base refor\u00e7ada com a\u00e7o<\/li>\n<li>Peso de 153 gramas<\/li>\n<li>Compat\u00edvel com rifles AK-74 e Tantal<\/li>\n<\/ul>\n<h3>Especifica\u00e7\u00f5es T\u00e9cnicas:<\/h3>\n<ul>\n<li>Calibre: 5,45&#215;39 mm<\/li>\n<li>Capacidade: 30 tiros<\/li>\n<li>Material do corpo e seguidor: Pol\u00edmero<\/li>\n<li>Material da base: A\u00e7o<\/li>\n<li>Cor: Semi-transparente<\/li>\n<\/ul>\n<p>Este carregador de pol\u00edmero WBP Rog\u00f3w \u00e9 projetado para uso com plataformas AK.<\/p>\n<\/div>\n","protected":false},"excerpt":{"rendered":"<p>Carregador AK semi-transparente de 30 tiros, 5.45x39mm, produzido pela WBP Rog\u00f3w<\/p>\n","protected":false},"featured_media":577107,"template":"","meta":{"_acf_changed":false},"product_brand":[],"product_cat":[654,2775],"product_tag":[],"class_list":{"0":"post-576873","1":"product","2":"type-product","3":"status-publish","4":"has-post-thumbnail","6":"product_cat-rifle-pt-pt","7":"product_cat-rifle-magazines-pt-pt","9":"first","10":"outofstock","11":"taxable","12":"shipping-taxable","13":"product-type-simple"},"acf":[],"_links":{"self":[{"href":"https:\/\/staging.nbg.eu\/pt-pt\/wp-json\/wp\/v2\/product\/576873","targetHints":{"allow":["GET"]}}],"collection":[{"href":"https:\/\/staging.nbg.eu\/pt-pt\/wp-json\/wp\/v2\/product"}],"about":[{"href":"https:\/\/staging.nbg.eu\/pt-pt\/wp-json\/wp\/v2\/types\/product"}],"wp:featuredmedia":[{"embeddable":true,"href":"https:\/\/staging.nbg.eu\/pt-pt\/wp-json\/wp\/v2\/media\/577107"}],"wp:attachment":[{"href":"https:\/\/staging.nbg.eu\/pt-pt\/wp-json\/wp\/v2\/media?parent=576873"}],"wp:term":[{"taxonomy":"product_brand","embeddable":true,"href":"https:\/\/staging.nbg.eu\/pt-pt\/wp-json\/wp\/v2\/product_brand?post=576873"},{"taxonomy":"product_cat","embeddable":true,"href":"https:\/\/staging.nbg.eu\/pt-pt\/wp-json\/wp\/v2\/product_cat?post=576873"},{"taxonomy":"product_tag","embeddable":true,"href":"https:\/\/staging.nbg.eu\/pt-pt\/wp-json\/wp\/v2\/product_tag?post=576873"}],"curies":[{"name":"wp","href":"https:\/\/api.w.org\/{rel}","templated":true}]}}