{"id":576650,"date":"2025-10-10T15:52:39","date_gmt":"2025-10-10T12:52:39","guid":{"rendered":"https:\/\/staging.nbg.eu\/product\/adapter-single-arta435-52-52mm\/"},"modified":"2025-10-15T12:10:50","modified_gmt":"2025-10-15T09:10:50","slug":"adaptador-simples-arta435-52-52mm","status":"publish","type":"product","link":"https:\/\/staging.nbg.eu\/pt-pt\/produto\/adaptador-simples-arta435-52-52mm\/","title":{"rendered":"Adaptador simples ARTA435-52, 52mm"},"content":{"rendered":"<div class=\"product-description\">\n<h2>Adaptador \u00fanico ARTA435-52, 52mm<\/h2>\n<p>O ARTA435-52 \u00e9 um adaptador de montagem r\u00e1pida para dispositivos Guide TA e TB Thermal Clip-On. Este adaptador de 52mm \u00e9 para conectar sua mira diurna com seu clip-on t\u00e9rmico.<\/p>\n<h2>Caracter\u00edsticas principais:<\/h2>\n<ul>\n<li>Compat\u00edvel com dispositivos que usam rosca M33.5&#215;0.75<\/li>\n<li>Feito de alum\u00ednio<\/li>\n<li>Partes m\u00f3veis feitas de a\u00e7o endurecido<\/li>\n<li>Revestimento interno protetor<\/li>\n<li>Garante fixa\u00e7\u00e3o segura e protege a \u00f3ptica<\/li>\n<li>Mecanismo de libera\u00e7\u00e3o r\u00e1pida para f\u00e1cil fixa\u00e7\u00e3o<\/li>\n<\/ul>\n<h2>Compatibilidade:<\/h2>\n<p>Este adaptador \u00e9 compat\u00edvel com v\u00e1rios clip-ons t\u00e9rmicos, incluindo:<\/p>\n<ul>\n<li>S\u00e9rie Guide TB e TA<\/li>\n<li>Athlon Cronus ATS Pro<\/li>\n<li>Burris BTC50, BTC35 v2 e v3<\/li>\n<li>Steiner Nighthunter C35 Gen I e Gen II<\/li>\n<li>Konus Fiery<\/li>\n<li>Nitehog Viper<\/li>\n<\/ul>\n<p>Certifique-se de que a lente objetiva da sua mira tenha um di\u00e2metro externo de 52mm antes da compra. Para op\u00e7\u00f5es de montagem alternativas, considere nossos adaptadores de trilho Picatinny dispon\u00edveis em v\u00e1rias alturas.<\/p>\n<p>Fabricado pela Rusan-Mikron, este adaptador garante ajuste e integra\u00e7\u00e3o com seu equipamento de imagem t\u00e9rmica.<\/p>\n<\/div>\n","protected":false},"excerpt":{"rendered":"<p>Adaptador Rusan de 52mm para c\u00e2meras t\u00e9rmicas Guide. Libera\u00e7\u00e3o r\u00e1pida, alum\u00ednio.<\/p>\n","protected":false},"featured_media":576686,"template":"","meta":{"_acf_changed":false},"product_brand":[],"product_cat":[805,2919,2380],"product_tag":[],"class_list":{"0":"post-576650","1":"product","2":"type-product","3":"status-publish","4":"has-post-thumbnail","6":"product_cat-aiming-pt-pt","7":"product_cat-aiming-accessories-pt-pt","8":"product_cat-thermal-pt-pt","10":"first","11":"outofstock","12":"taxable","13":"shipping-taxable","14":"purchasable","15":"product-type-simple"},"acf":[],"_links":{"self":[{"href":"https:\/\/staging.nbg.eu\/pt-pt\/wp-json\/wp\/v2\/product\/576650","targetHints":{"allow":["GET"]}}],"collection":[{"href":"https:\/\/staging.nbg.eu\/pt-pt\/wp-json\/wp\/v2\/product"}],"about":[{"href":"https:\/\/staging.nbg.eu\/pt-pt\/wp-json\/wp\/v2\/types\/product"}],"wp:featuredmedia":[{"embeddable":true,"href":"https:\/\/staging.nbg.eu\/pt-pt\/wp-json\/wp\/v2\/media\/576686"}],"wp:attachment":[{"href":"https:\/\/staging.nbg.eu\/pt-pt\/wp-json\/wp\/v2\/media?parent=576650"}],"wp:term":[{"taxonomy":"product_brand","embeddable":true,"href":"https:\/\/staging.nbg.eu\/pt-pt\/wp-json\/wp\/v2\/product_brand?post=576650"},{"taxonomy":"product_cat","embeddable":true,"href":"https:\/\/staging.nbg.eu\/pt-pt\/wp-json\/wp\/v2\/product_cat?post=576650"},{"taxonomy":"product_tag","embeddable":true,"href":"https:\/\/staging.nbg.eu\/pt-pt\/wp-json\/wp\/v2\/product_tag?post=576650"}],"curies":[{"name":"wp","href":"https:\/\/api.w.org\/{rel}","templated":true}]}}